{"id":5124,"date":"2021-08-03T11:29:34","date_gmt":"2021-08-03T09:29:34","guid":{"rendered":"https:\/\/www.ia4sp.org\/de\/?page_id=5124"},"modified":"2025-11-30T20:45:06","modified_gmt":"2025-11-30T19:45:06","slug":"mitgliederveranstaltungen","status":"publish","type":"page","link":"https:\/\/www.ia4sp.org\/de\/mitgliederveranstaltungen\/","title":{"rendered":"Mitgliederveranstaltungen @ IA4SP-Kalender"},"content":{"rendered":"<p>Platzieren Sie Ihre Veranstaltung als Verbandsmitglied im IA4SP-Kalender: Die IA4SP bietet ihren Mitgliedern die M\u00f6glichkeit, <strong>mitglieder-<\/strong><b>eigene Veranstaltungen<\/b>\u00a0<b>im offiziellen<\/b>\u00a0<b>IA4SP-Kalender<\/b> zu ver\u00f6ffentlichen. Unter dem Schl\u00fcsselwort \u201eMitgliederveranstaltungen\u201c k\u00f6nnen Sie Ihre Webinare, Techdays, Hausmessen etc. pr\u00e4sentieren und verlinken, indem Sie uns diese \u00fcber das Veranstaltungsformular unten zukommen lassen. Nach einer kurzen Vollst\u00e4ndigkeitspr\u00fcfung erfolgt die Ver\u00f6ffentlichung.<\/p>\n<p>Wir werden au\u00dferdem in jedem Newsletter aktiv und gezielt auf den Veranstaltungskalender hinweisen.<\/p>\n<p>Nutzen Sie diese M\u00f6glichkeit und\u00a0<b>erh\u00f6hen Sie Ihre Reichweite<\/b>, indem Sie Ihre Einladungen so auch\u00a0<b>in der IA4SP Partnerlandschaft streuen<\/b>.<br \/>\nDie dazugeh\u00f6rigen Backlinks f\u00fcr Ihre Website bekommen Sie quasi automatisch gleich mit dazu.<\/p>\n<p>&nbsp;<\/p>\n<h2><strong>Veranstaltungsanmeldung<\/strong><\/h2>\n\n<div class=\"wpcf7 no-js\" id=\"wpcf7-f5123-o1\" lang=\"de-DE\" dir=\"ltr\" data-wpcf7-id=\"5123\">\n<div class=\"screen-reader-response\"><p role=\"status\" aria-live=\"polite\" aria-atomic=\"true\"><\/p> <ul><\/ul><\/div>\n<form action=\"\/de\/wp-json\/wp\/v2\/pages\/5124#wpcf7-f5123-o1\" method=\"post\" class=\"wpcf7-form init\" aria-label=\"Kontaktformular\" novalidate=\"novalidate\" data-status=\"init\">\n<fieldset class=\"hidden-fields-container\"><input type=\"hidden\" name=\"_wpcf7\" value=\"5123\" \/><input type=\"hidden\" name=\"_wpcf7_version\" value=\"6.1.5\" \/><input type=\"hidden\" name=\"_wpcf7_locale\" value=\"de_DE\" \/><input type=\"hidden\" name=\"_wpcf7_unit_tag\" value=\"wpcf7-f5123-o1\" \/><input type=\"hidden\" name=\"_wpcf7_container_post\" value=\"0\" \/><input type=\"hidden\" name=\"_wpcf7_posted_data_hash\" value=\"\" \/><input type=\"hidden\" name=\"_wpcf7_recaptcha_response\" value=\"\" \/>\n<\/fieldset>\n\n<p><label> <b>Der Name Ihrer Veranstaltung<\/b><br \/>\n<span class=\"wpcf7-form-control-wrap\" data-name=\"your-event\"><input size=\"40\" maxlength=\"400\" class=\"wpcf7-form-control wpcf7-text wpcf7-validates-as-required\" aria-required=\"true\" aria-invalid=\"false\" value=\"\" type=\"text\" name=\"your-event\" \/><\/span> <\/label>\n<\/p>\n<p><label> <b>Das Veranstaltungsdatum<\/b><br \/>\n<span class=\"wpcf7-form-control-wrap\" data-name=\"your-date\"><input class=\"wpcf7-form-control wpcf7-date wpcf7-validates-as-required wpcf7-validates-as-date\" aria-required=\"true\" aria-invalid=\"false\" value=\"\" type=\"date\" name=\"your-date\" \/><\/span> <\/label>\n<\/p>\n<p><label> <b>Die Veranstaltungszeit von \/ bis <\/b><br \/>\n<span class=\"wpcf7-form-control-wrap\" data-name=\"your-time\"><input size=\"40\" maxlength=\"400\" class=\"wpcf7-form-control wpcf7-text wpcf7-validates-as-required\" aria-required=\"true\" aria-invalid=\"false\" value=\"\" type=\"text\" name=\"your-time\" \/><\/span> <\/label>\n<\/p>\n<p><label> <b>Die Teilnehmerkosten in EUR<\/b><br \/>\n<span class=\"wpcf7-form-control-wrap\" data-name=\"your-cost\"><input size=\"40\" maxlength=\"400\" class=\"wpcf7-form-control wpcf7-text wpcf7-validates-as-required\" aria-required=\"true\" aria-invalid=\"false\" value=\"\" type=\"text\" name=\"your-cost\" \/><\/span> <\/label>\n<\/p>\n<p><label> <b>Der Link zu IHRER Veranstaltungswebsite<\/b><br \/>\n<span class=\"wpcf7-form-control-wrap\" data-name=\"your-webpage\"><input size=\"40\" maxlength=\"400\" class=\"wpcf7-form-control wpcf7-text wpcf7-validates-as-required\" aria-required=\"true\" aria-invalid=\"false\" value=\"\" type=\"text\" name=\"your-webpage\" \/><\/span> <\/label>\n<\/p>\n<p><label> <b>Der Veranstaltungsort \/ \"Online\" oder Location mit Gesamtadresse, gerne mit Maps-Link<\/b><br \/>\n<span class=\"wpcf7-form-control-wrap\" data-name=\"your-location\"><textarea cols=\"40\" rows=\"10\" maxlength=\"2000\" class=\"wpcf7-form-control wpcf7-textarea wpcf7-validates-as-required\" aria-required=\"true\" aria-invalid=\"false\" name=\"your-location\"><\/textarea><\/span> <\/label>\n<\/p>\n<p><label> <b>Die Beschreibung der Zielgruppe(n) <\/b><br \/>\n<span class=\"wpcf7-form-control-wrap\" data-name=\"your-targetgroup\"><textarea cols=\"40\" rows=\"10\" maxlength=\"2000\" class=\"wpcf7-form-control wpcf7-textarea wpcf7-validates-as-required\" aria-required=\"true\" aria-invalid=\"false\" name=\"your-targetgroup\"><\/textarea><\/span> <\/label>\n<\/p>\n<p><label> <b>Ihre Firmierung und Adresse <\/b><br \/>\n<span class=\"wpcf7-form-control-wrap\" data-name=\"your-firma\"><textarea cols=\"40\" rows=\"10\" maxlength=\"2000\" class=\"wpcf7-form-control wpcf7-textarea wpcf7-validates-as-required\" aria-required=\"true\" aria-invalid=\"false\" name=\"your-firma\"><\/textarea><\/span> <\/label>\n<\/p>\n<p><label> <b>Ihre Kontaktperson f\u00fcr diese Veranstaltung<\/b><br \/>\n<span class=\"wpcf7-form-control-wrap\" data-name=\"your-name\"><input size=\"40\" maxlength=\"400\" class=\"wpcf7-form-control wpcf7-text wpcf7-validates-as-required\" aria-required=\"true\" aria-invalid=\"false\" value=\"\" type=\"text\" name=\"your-name\" \/><\/span> <\/label>\n<\/p>\n<p><label> <b>Die Position\/Rolle des Kontaktes<\/b><br \/>\n<span class=\"wpcf7-form-control-wrap\" data-name=\"your-position\"><input size=\"40\" maxlength=\"400\" class=\"wpcf7-form-control wpcf7-text wpcf7-validates-as-required\" aria-required=\"true\" aria-invalid=\"false\" value=\"\" type=\"text\" name=\"your-position\" \/><\/span> <\/label>\n<\/p>\n<p><label> <b>Die E-Mail-Adresse des Kontaktes<\/b><br \/>\n<span class=\"wpcf7-form-control-wrap\" data-name=\"your-email\"><input size=\"40\" maxlength=\"400\" class=\"wpcf7-form-control wpcf7-email wpcf7-validates-as-required wpcf7-text wpcf7-validates-as-email\" aria-required=\"true\" aria-invalid=\"false\" value=\"\" type=\"email\" name=\"your-email\" \/><\/span> <\/label>\n<\/p>\n<p><label> <b>Die Telefonnummer des Kontaktes<\/b><br \/>\n<span class=\"wpcf7-form-control-wrap\" data-name=\"tel-134\"><input size=\"40\" maxlength=\"400\" class=\"wpcf7-form-control wpcf7-tel wpcf7-validates-as-required wpcf7-text wpcf7-validates-as-tel\" aria-required=\"true\" aria-invalid=\"false\" value=\"\" type=\"tel\" name=\"tel-134\" \/><\/span> <\/label>\n<\/p>\n<p><label> <b> Sind Sie IA4SP Mitglied? <\/b><br \/>\n<span class=\"wpcf7-form-control-wrap\" data-name=\"menu-495\"><select class=\"wpcf7-form-control wpcf7-select wpcf7-validates-as-required\" aria-required=\"true\" aria-invalid=\"false\" name=\"menu-495\"><option value=\"Ja\">Ja<\/option><option value=\"Nein\">Nein<\/option><\/select><\/span> <\/label>\n<\/p>\n<p>! Hinweis: Alle Felder m\u00fcssen ausgef\u00fcllt sein, damit Sie diese Anmeldung senden k\u00f6nnen.\n<\/p>\n<p><label> <b>Zus\u00e4tzliche Nachricht<\/b><br \/>\n<span class=\"wpcf7-form-control-wrap\" data-name=\"your-message\"><textarea cols=\"40\" rows=\"10\" maxlength=\"2000\" class=\"wpcf7-form-control wpcf7-textarea\" aria-invalid=\"false\" name=\"your-message\"><\/textarea><\/span> <\/label>\n<\/p>\n<p>Mit Absenden dieses Formulars verleihen Sie Ihrem Wunsch Ausdruck, die oben erfassten Daten als Veranstaltung im IA4SP Veranstaltungskalender zu listen. Es besteht seitens des Verbandes keine Pflicht der Ver\u00f6ffentlichung, jedoch wird der Verband dies wohlwollend pr\u00fcfen und vor Ver\u00f6ffentlichung auf den angegebenen Kontakt zukommen.<br \/>\nAls AbsenderIn dieses Formulares sichern Sie zu, dass die obigen Daten korrekt sind, Gesetzen und Verordnungen folgen, keine Rechte Dritter eingeschr\u00e4nkt sind. Sie sprechen die IA4SP von jeglicher Verantwortung der Fehlinformation frei. Im Falle von Stornierungen oder Ver\u00e4nderungen kommen Sie aktiv auf die IA4SP zu, um diese entsprechend einzutragen.<br \/>\nDies ist ein kostenloser Service f\u00fcr IA4SP Mitglieder.\n<\/p>\n<p><input class=\"wpcf7-form-control wpcf7-submit has-spinner\" type=\"submit\" value=\"Veranstaltungshinweis  absenden\" \/>\n<\/p><div class=\"wpcf7-response-output\" aria-hidden=\"true\"><\/div>\n<\/form>\n<\/div>\n\n","protected":false},"excerpt":{"rendered":"<p>Platzieren Sie Ihre Veranstaltung als Verbandsmitglied im IA4SP-Kalender: Die IA4SP bietet ihren Mitgliedern die M\u00f6glichkeit, mitglieder-eigene Veranstaltungen\u00a0im offiziellen\u00a0IA4SP-Kalender zu ver\u00f6ffentlichen. Unter dem Schl\u00fcsselwort \u201eMitgliederveranstaltungen\u201c k\u00f6nnen Sie Ihre Webinare, Techdays, Hausmessen etc. pr\u00e4sentieren und verlinken, indem Sie uns diese \u00fcber das Veranstaltungsformular unten zukommen lassen. Nach einer kurzen Vollst\u00e4ndigkeitspr\u00fcfung erfolgt die Ver\u00f6ffentlichung. Wir werden au\u00dferdem in&#8230;  <a class=\"excerpt-read-more\" href=\"https:\/\/www.ia4sp.org\/de\/mitgliederveranstaltungen\/\" title=\"ReadMitgliederveranstaltungen @ IA4SP-Kalender\">weiterlesen &raquo;<\/a><\/p>\n","protected":false},"author":31,"featured_media":0,"parent":0,"menu_order":0,"comment_status":"closed","ping_status":"closed","template":"","meta":{"_acf_changed":false,"content-type":"","footnotes":"","_links_to":"","_links_to_target":""},"class_list":["post-5124","page","type-page","status-publish","hentry"],"acf":[],"yoast_head":"<!-- This site is optimized with the Yoast SEO plugin v27.4 - https:\/\/yoast.com\/product\/yoast-seo-wordpress\/ -->\n<title>Mitgliederveranstaltungen @ IA4SP-Kalender - IA4SP<\/title>\n<meta name=\"description\" content=\"Ob Webinare, Techdays, Hausmessen: Platzieren Sie als IA4SP Verbandsmitglied Ihre Partner- und Kundenveranstaltung im IA4SP-Kalender.\" \/>\n<meta name=\"robots\" content=\"index, follow, max-snippet:-1, max-image-preview:large, max-video-preview:-1\" \/>\n<link rel=\"canonical\" href=\"https:\/\/www.ia4sp.org\/de\/mitgliederveranstaltungen\/\" \/>\n<meta property=\"og:locale\" content=\"de_DE\" \/>\n<meta property=\"og:type\" content=\"article\" \/>\n<meta property=\"og:title\" content=\"Mitgliederveranstaltungen @ IA4SP-Kalender - IA4SP\" \/>\n<meta property=\"og:description\" content=\"Ob Webinare, Techdays, Hausmessen: Platzieren Sie als IA4SP Verbandsmitglied Ihre Partner- und Kundenveranstaltung im IA4SP-Kalender.\" \/>\n<meta property=\"og:url\" content=\"https:\/\/www.ia4sp.org\/de\/mitgliederveranstaltungen\/\" \/>\n<meta property=\"og:site_name\" content=\"IA4SP\" \/>\n<meta property=\"article:modified_time\" content=\"2025-11-30T19:45:06+00:00\" \/>\n<meta name=\"twitter:card\" content=\"summary_large_image\" \/>\n<meta name=\"twitter:site\" content=\"@IA4SP\" \/>\n<meta name=\"twitter:label1\" content=\"Gesch\u00e4tzte Lesezeit\" \/>\n\t<meta name=\"twitter:data1\" content=\"1\u00a0Minute\" \/>\n<script type=\"application\/ld+json\" class=\"yoast-schema-graph\">{\"@context\":\"https:\\\/\\\/schema.org\",\"@graph\":[{\"@type\":\"WebPage\",\"@id\":\"https:\\\/\\\/www.ia4sp.org\\\/de\\\/mitgliederveranstaltungen\\\/\",\"url\":\"https:\\\/\\\/www.ia4sp.org\\\/de\\\/mitgliederveranstaltungen\\\/\",\"name\":\"Mitgliederveranstaltungen @ IA4SP-Kalender - IA4SP\",\"isPartOf\":{\"@id\":\"https:\\\/\\\/www.ia4sp.org\\\/de\\\/#website\"},\"datePublished\":\"2021-08-03T09:29:34+00:00\",\"dateModified\":\"2025-11-30T19:45:06+00:00\",\"description\":\"Ob Webinare, Techdays, Hausmessen: Platzieren Sie als IA4SP Verbandsmitglied Ihre Partner- und Kundenveranstaltung im IA4SP-Kalender.\",\"breadcrumb\":{\"@id\":\"https:\\\/\\\/www.ia4sp.org\\\/de\\\/mitgliederveranstaltungen\\\/#breadcrumb\"},\"inLanguage\":\"de\",\"potentialAction\":[{\"@type\":\"ReadAction\",\"target\":[\"https:\\\/\\\/www.ia4sp.org\\\/de\\\/mitgliederveranstaltungen\\\/\"]}]},{\"@type\":\"BreadcrumbList\",\"@id\":\"https:\\\/\\\/www.ia4sp.org\\\/de\\\/mitgliederveranstaltungen\\\/#breadcrumb\",\"itemListElement\":[{\"@type\":\"ListItem\",\"position\":1,\"name\":\"Startseite\",\"item\":\"https:\\\/\\\/www.ia4sp.org\\\/de\\\/\"},{\"@type\":\"ListItem\",\"position\":2,\"name\":\"Mitgliederveranstaltungen @ IA4SP-Kalender\"}]},{\"@type\":\"WebSite\",\"@id\":\"https:\\\/\\\/www.ia4sp.org\\\/de\\\/#website\",\"url\":\"https:\\\/\\\/www.ia4sp.org\\\/de\\\/\",\"name\":\"IA4SP\",\"description\":\"International Association for SAP Partners e.V.\",\"publisher\":{\"@id\":\"https:\\\/\\\/www.ia4sp.org\\\/de\\\/#organization\"},\"potentialAction\":[{\"@type\":\"SearchAction\",\"target\":{\"@type\":\"EntryPoint\",\"urlTemplate\":\"https:\\\/\\\/www.ia4sp.org\\\/de\\\/?s={search_term_string}\"},\"query-input\":{\"@type\":\"PropertyValueSpecification\",\"valueRequired\":true,\"valueName\":\"search_term_string\"}}],\"inLanguage\":\"de\"},{\"@type\":\"Organization\",\"@id\":\"https:\\\/\\\/www.ia4sp.org\\\/de\\\/#organization\",\"name\":\"International Association for SAP Partners e.V. (IA4SP)\",\"url\":\"https:\\\/\\\/www.ia4sp.org\\\/de\\\/\",\"logo\":{\"@type\":\"ImageObject\",\"inLanguage\":\"de\",\"@id\":\"https:\\\/\\\/www.ia4sp.org\\\/de\\\/#\\\/schema\\\/logo\\\/image\\\/\",\"url\":\"https:\\\/\\\/www.ia4sp.org\\\/de\\\/wp-content\\\/uploads\\\/sites\\\/2\\\/2020\\\/07\\\/IA4SP-logo.jpg\",\"contentUrl\":\"https:\\\/\\\/www.ia4sp.org\\\/de\\\/wp-content\\\/uploads\\\/sites\\\/2\\\/2020\\\/07\\\/IA4SP-logo.jpg\",\"width\":2258,\"height\":1412,\"caption\":\"International Association for SAP Partners e.V. (IA4SP)\"},\"image\":{\"@id\":\"https:\\\/\\\/www.ia4sp.org\\\/de\\\/#\\\/schema\\\/logo\\\/image\\\/\"},\"sameAs\":[\"https:\\\/\\\/x.com\\\/IA4SP\",\"http:\\\/\\\/www.linkedin.com\\\/company\\\/ia4sp-e-v-\",\"https:\\\/\\\/www.youtube.com\\\/channel\\\/UCgehKwoFClFFWS2IuVbdXdQ\"]}]}<\/script>\n<!-- \/ Yoast SEO plugin. -->","yoast_head_json":{"title":"Mitgliederveranstaltungen @ IA4SP-Kalender - IA4SP","description":"Ob Webinare, Techdays, Hausmessen: Platzieren Sie als IA4SP Verbandsmitglied Ihre Partner- und Kundenveranstaltung im IA4SP-Kalender.","robots":{"index":"index","follow":"follow","max-snippet":"max-snippet:-1","max-image-preview":"max-image-preview:large","max-video-preview":"max-video-preview:-1"},"canonical":"https:\/\/www.ia4sp.org\/de\/mitgliederveranstaltungen\/","og_locale":"de_DE","og_type":"article","og_title":"Mitgliederveranstaltungen @ IA4SP-Kalender - IA4SP","og_description":"Ob Webinare, Techdays, Hausmessen: Platzieren Sie als IA4SP Verbandsmitglied Ihre Partner- und Kundenveranstaltung im IA4SP-Kalender.","og_url":"https:\/\/www.ia4sp.org\/de\/mitgliederveranstaltungen\/","og_site_name":"IA4SP","article_modified_time":"2025-11-30T19:45:06+00:00","twitter_card":"summary_large_image","twitter_site":"@IA4SP","twitter_misc":{"Gesch\u00e4tzte Lesezeit":"1\u00a0Minute"},"schema":{"@context":"https:\/\/schema.org","@graph":[{"@type":"WebPage","@id":"https:\/\/www.ia4sp.org\/de\/mitgliederveranstaltungen\/","url":"https:\/\/www.ia4sp.org\/de\/mitgliederveranstaltungen\/","name":"Mitgliederveranstaltungen @ IA4SP-Kalender - IA4SP","isPartOf":{"@id":"https:\/\/www.ia4sp.org\/de\/#website"},"datePublished":"2021-08-03T09:29:34+00:00","dateModified":"2025-11-30T19:45:06+00:00","description":"Ob Webinare, Techdays, Hausmessen: Platzieren Sie als IA4SP Verbandsmitglied Ihre Partner- und Kundenveranstaltung im IA4SP-Kalender.","breadcrumb":{"@id":"https:\/\/www.ia4sp.org\/de\/mitgliederveranstaltungen\/#breadcrumb"},"inLanguage":"de","potentialAction":[{"@type":"ReadAction","target":["https:\/\/www.ia4sp.org\/de\/mitgliederveranstaltungen\/"]}]},{"@type":"BreadcrumbList","@id":"https:\/\/www.ia4sp.org\/de\/mitgliederveranstaltungen\/#breadcrumb","itemListElement":[{"@type":"ListItem","position":1,"name":"Startseite","item":"https:\/\/www.ia4sp.org\/de\/"},{"@type":"ListItem","position":2,"name":"Mitgliederveranstaltungen @ IA4SP-Kalender"}]},{"@type":"WebSite","@id":"https:\/\/www.ia4sp.org\/de\/#website","url":"https:\/\/www.ia4sp.org\/de\/","name":"IA4SP","description":"International Association for SAP Partners e.V.","publisher":{"@id":"https:\/\/www.ia4sp.org\/de\/#organization"},"potentialAction":[{"@type":"SearchAction","target":{"@type":"EntryPoint","urlTemplate":"https:\/\/www.ia4sp.org\/de\/?s={search_term_string}"},"query-input":{"@type":"PropertyValueSpecification","valueRequired":true,"valueName":"search_term_string"}}],"inLanguage":"de"},{"@type":"Organization","@id":"https:\/\/www.ia4sp.org\/de\/#organization","name":"International Association for SAP Partners e.V. (IA4SP)","url":"https:\/\/www.ia4sp.org\/de\/","logo":{"@type":"ImageObject","inLanguage":"de","@id":"https:\/\/www.ia4sp.org\/de\/#\/schema\/logo\/image\/","url":"https:\/\/www.ia4sp.org\/de\/wp-content\/uploads\/sites\/2\/2020\/07\/IA4SP-logo.jpg","contentUrl":"https:\/\/www.ia4sp.org\/de\/wp-content\/uploads\/sites\/2\/2020\/07\/IA4SP-logo.jpg","width":2258,"height":1412,"caption":"International Association for SAP Partners e.V. (IA4SP)"},"image":{"@id":"https:\/\/www.ia4sp.org\/de\/#\/schema\/logo\/image\/"},"sameAs":["https:\/\/x.com\/IA4SP","http:\/\/www.linkedin.com\/company\/ia4sp-e-v-","https:\/\/www.youtube.com\/channel\/UCgehKwoFClFFWS2IuVbdXdQ"]}]}},"_links":{"self":[{"href":"https:\/\/www.ia4sp.org\/de\/wp-json\/wp\/v2\/pages\/5124","targetHints":{"allow":["GET"]}}],"collection":[{"href":"https:\/\/www.ia4sp.org\/de\/wp-json\/wp\/v2\/pages"}],"about":[{"href":"https:\/\/www.ia4sp.org\/de\/wp-json\/wp\/v2\/types\/page"}],"author":[{"embeddable":true,"href":"https:\/\/www.ia4sp.org\/de\/wp-json\/wp\/v2\/users\/31"}],"replies":[{"embeddable":true,"href":"https:\/\/www.ia4sp.org\/de\/wp-json\/wp\/v2\/comments?post=5124"}],"version-history":[{"count":5,"href":"https:\/\/www.ia4sp.org\/de\/wp-json\/wp\/v2\/pages\/5124\/revisions"}],"predecessor-version":[{"id":5131,"href":"https:\/\/www.ia4sp.org\/de\/wp-json\/wp\/v2\/pages\/5124\/revisions\/5131"}],"wp:attachment":[{"href":"https:\/\/www.ia4sp.org\/de\/wp-json\/wp\/v2\/media?parent=5124"}],"curies":[{"name":"wp","href":"https:\/\/api.w.org\/{rel}","templated":true}]}}