{"id":5862,"date":"2025-11-30T19:26:43","date_gmt":"2025-11-30T18:26:43","guid":{"rendered":"https:\/\/www.ia4sp.org\/de\/?page_id=5862"},"modified":"2025-11-30T22:34:57","modified_gmt":"2025-11-30T21:34:57","slug":"ak-sap-archmgmt","status":"publish","type":"page","link":"https:\/\/www.ia4sp.org\/de\/ak-sap-archmgmt\/","title":{"rendered":"Arbeitskreis SAP Enterprise Architecture Management"},"content":{"rendered":"<p>Die digitale Transformation stellt Unternehmen vor die Herausforderung, komplexe IT-Landschaften effizient zu steuern und strategisch weiterzuentwickeln. SAP Enterprise Architecture Management (EAM) ist dabei ein entscheidender Erfolgsfaktor: Es verbindet Gesch\u00e4ftsprozesse, Anwendungen und Technologien zu einer ganzheitlichen Architektur, die Innovation und Stabilit\u00e4t gleicherma\u00dfen erm\u00f6glicht.<\/p>\n<p>Um unsere Mitglieder bei dieser anspruchsvollen Aufgabe zu unterst\u00fctzen, hat die SAP-Partnervereinigung IA4SP e.V. den neuen Arbeitskreis \u201eSAP Enterprise Architecture Management\u201c ins Leben gerufen. Ziel ist es, eine Plattform f\u00fcr den fachlichen Austausch, Best Practices und die gemeinsame Entwicklung von Standards zu schaffen. Der Arbeitskreis richtet sich an alle, die sich mit Enterprise Architecture im SAP-Umfeld besch\u00e4ftigen \u2013 von Strategen \u00fcber Architekten bis hin zu Projektleitern.<\/p>\n<p>Die Teilnehmer profitieren von praxisnahen Diskussionen zu Themen wie Architektur-Frameworks, Integration von Cloud-L\u00f6sungen, Governance und Compliance sowie dem Einsatz von SAP-Tools wie LeanIX oder SAP Signavio. Dar\u00fcber hinaus werden aktuelle Trends wie Business Transformation und RISE with SAP beleuchtet, um den Weg zu einer zukunftsf\u00e4higen IT-Architektur zu ebnen. Dabei diskutieren wir direkt mit SAP-Kolleg*innen, denen unser Input sehr wichtig ist.<\/p>\n<p><strong>Jetzt mitmachen!<\/strong> \u00dcebr das nachfolgende Formular anmelden und die Zukunft der SAP-Architektur mitgestalten. Der Arbeitskreis bietet die Chance, Wissen zu vertiefen, Kontakte zu kn\u00fcpfen und gemeinsam L\u00f6sungen zu entwickeln.<\/p>\n\n\t\t\t\t\t\t<script>\n\t\t\t\t\t\t\twindow.hsFormsOnReady = window.hsFormsOnReady || [];\n\t\t\t\t\t\t\twindow.hsFormsOnReady.push(()=>{\n\t\t\t\t\t\t\t\thbspt.forms.create({\n\t\t\t\t\t\t\t\t\tportalId: 26785333,\n\t\t\t\t\t\t\t\t\tformId: \"a8006816-c608-48ca-a1ad-4079a026890a\",\n\t\t\t\t\t\t\t\t\ttarget: \"#hbspt-form-1777805808000-7203529010\",\n\t\t\t\t\t\t\t\t\tregion: \"eu1\",\n\t\t\t\t\t\t\t\t\t\n\t\t\t\t\t\t\t})});\n\t\t\t\t\t\t<\/script>\n\t\t\t\t\t\t<div class=\"hbspt-form\" id=\"hbspt-form-1777805808000-7203529010\"><\/div>\n<p>Ansprechpartner f\u00fcr diesen Arbeitskreis ist: Jan Linke<\/p>\n","protected":false},"excerpt":{"rendered":"<p>Die digitale Transformation stellt Unternehmen vor die Herausforderung, komplexe IT-Landschaften effizient zu steuern und strategisch weiterzuentwickeln. SAP Enterprise Architecture Management (EAM) ist dabei ein entscheidender Erfolgsfaktor: Es verbindet Gesch\u00e4ftsprozesse, Anwendungen und Technologien zu einer ganzheitlichen Architektur, die Innovation und Stabilit\u00e4t gleicherma\u00dfen erm\u00f6glicht. Um unsere Mitglieder bei dieser anspruchsvollen Aufgabe zu unterst\u00fctzen, hat die SAP-Partnervereinigung IA4SP&#8230;  <a class=\"excerpt-read-more\" href=\"https:\/\/www.ia4sp.org\/de\/ak-sap-archmgmt\/\" title=\"ReadArbeitskreis SAP Enterprise Architecture Management\">weiterlesen &raquo;<\/a><\/p>\n","protected":false},"author":31,"featured_media":0,"parent":0,"menu_order":0,"comment_status":"closed","ping_status":"closed","template":"","meta":{"_acf_changed":false,"content-type":"","footnotes":"","_links_to":"","_links_to_target":""},"class_list":["post-5862","page","type-page","status-publish","hentry"],"acf":[],"yoast_head":"<!-- This site is optimized with the Yoast SEO plugin v27.4 - https:\/\/yoast.com\/product\/yoast-seo-wordpress\/ -->\n<title>Arbeitskreis SAP Enterprise Architecture Management - IA4SP<\/title>\n<meta name=\"robots\" content=\"index, follow, max-snippet:-1, max-image-preview:large, max-video-preview:-1\" \/>\n<link rel=\"canonical\" href=\"https:\/\/www.ia4sp.org\/de\/ak-sap-archmgmt\/\" \/>\n<meta property=\"og:locale\" content=\"de_DE\" \/>\n<meta property=\"og:type\" content=\"article\" \/>\n<meta property=\"og:title\" content=\"Arbeitskreis SAP Enterprise Architecture Management - IA4SP\" \/>\n<meta property=\"og:description\" content=\"Die digitale Transformation stellt Unternehmen vor die Herausforderung, komplexe IT-Landschaften effizient zu steuern und strategisch weiterzuentwickeln. SAP Enterprise Architecture Management (EAM) ist dabei ein entscheidender Erfolgsfaktor: Es verbindet Gesch\u00e4ftsprozesse, Anwendungen und Technologien zu einer ganzheitlichen Architektur, die Innovation und Stabilit\u00e4t gleicherma\u00dfen erm\u00f6glicht. Um unsere Mitglieder bei dieser anspruchsvollen Aufgabe zu unterst\u00fctzen, hat die SAP-Partnervereinigung IA4SP... weiterlesen &raquo;\" \/>\n<meta property=\"og:url\" content=\"https:\/\/www.ia4sp.org\/de\/ak-sap-archmgmt\/\" \/>\n<meta property=\"og:site_name\" content=\"IA4SP\" \/>\n<meta property=\"article:modified_time\" content=\"2025-11-30T21:34:57+00:00\" \/>\n<meta name=\"twitter:card\" content=\"summary_large_image\" \/>\n<meta name=\"twitter:site\" content=\"@IA4SP\" \/>\n<meta name=\"twitter:label1\" content=\"Gesch\u00e4tzte Lesezeit\" \/>\n\t<meta name=\"twitter:data1\" content=\"2\u00a0Minuten\" \/>\n<script type=\"application\/ld+json\" class=\"yoast-schema-graph\">{\"@context\":\"https:\\\/\\\/schema.org\",\"@graph\":[{\"@type\":\"Article\",\"@id\":\"https:\\\/\\\/www.ia4sp.org\\\/de\\\/ak-sap-archmgmt\\\/#article\",\"isPartOf\":{\"@id\":\"https:\\\/\\\/www.ia4sp.org\\\/de\\\/ak-sap-archmgmt\\\/\"},\"author\":{\"name\":\"ia4spgradt\",\"@id\":\"https:\\\/\\\/www.ia4sp.org\\\/de\\\/#\\\/schema\\\/person\\\/24df30de584db41c7f1c6b8fa1a19c66\"},\"headline\":\"Arbeitskreis SAP Enterprise Architecture Management\",\"datePublished\":\"2025-11-30T18:26:43+00:00\",\"dateModified\":\"2025-11-30T21:34:57+00:00\",\"mainEntityOfPage\":{\"@id\":\"https:\\\/\\\/www.ia4sp.org\\\/de\\\/ak-sap-archmgmt\\\/\"},\"wordCount\":236,\"publisher\":{\"@id\":\"https:\\\/\\\/www.ia4sp.org\\\/de\\\/#organization\"},\"inLanguage\":\"de\"},{\"@type\":\"WebPage\",\"@id\":\"https:\\\/\\\/www.ia4sp.org\\\/de\\\/ak-sap-archmgmt\\\/\",\"url\":\"https:\\\/\\\/www.ia4sp.org\\\/de\\\/ak-sap-archmgmt\\\/\",\"name\":\"Arbeitskreis SAP Enterprise Architecture Management - IA4SP\",\"isPartOf\":{\"@id\":\"https:\\\/\\\/www.ia4sp.org\\\/de\\\/#website\"},\"datePublished\":\"2025-11-30T18:26:43+00:00\",\"dateModified\":\"2025-11-30T21:34:57+00:00\",\"breadcrumb\":{\"@id\":\"https:\\\/\\\/www.ia4sp.org\\\/de\\\/ak-sap-archmgmt\\\/#breadcrumb\"},\"inLanguage\":\"de\",\"potentialAction\":[{\"@type\":\"ReadAction\",\"target\":[\"https:\\\/\\\/www.ia4sp.org\\\/de\\\/ak-sap-archmgmt\\\/\"]}]},{\"@type\":\"BreadcrumbList\",\"@id\":\"https:\\\/\\\/www.ia4sp.org\\\/de\\\/ak-sap-archmgmt\\\/#breadcrumb\",\"itemListElement\":[{\"@type\":\"ListItem\",\"position\":1,\"name\":\"Startseite\",\"item\":\"https:\\\/\\\/www.ia4sp.org\\\/de\\\/\"},{\"@type\":\"ListItem\",\"position\":2,\"name\":\"Arbeitskreis SAP Enterprise Architecture Management\"}]},{\"@type\":\"WebSite\",\"@id\":\"https:\\\/\\\/www.ia4sp.org\\\/de\\\/#website\",\"url\":\"https:\\\/\\\/www.ia4sp.org\\\/de\\\/\",\"name\":\"IA4SP\",\"description\":\"International Association for SAP Partners e.V.\",\"publisher\":{\"@id\":\"https:\\\/\\\/www.ia4sp.org\\\/de\\\/#organization\"},\"potentialAction\":[{\"@type\":\"SearchAction\",\"target\":{\"@type\":\"EntryPoint\",\"urlTemplate\":\"https:\\\/\\\/www.ia4sp.org\\\/de\\\/?s={search_term_string}\"},\"query-input\":{\"@type\":\"PropertyValueSpecification\",\"valueRequired\":true,\"valueName\":\"search_term_string\"}}],\"inLanguage\":\"de\"},{\"@type\":\"Organization\",\"@id\":\"https:\\\/\\\/www.ia4sp.org\\\/de\\\/#organization\",\"name\":\"International Association for SAP Partners e.V. (IA4SP)\",\"url\":\"https:\\\/\\\/www.ia4sp.org\\\/de\\\/\",\"logo\":{\"@type\":\"ImageObject\",\"inLanguage\":\"de\",\"@id\":\"https:\\\/\\\/www.ia4sp.org\\\/de\\\/#\\\/schema\\\/logo\\\/image\\\/\",\"url\":\"https:\\\/\\\/www.ia4sp.org\\\/de\\\/wp-content\\\/uploads\\\/sites\\\/2\\\/2020\\\/07\\\/IA4SP-logo.jpg\",\"contentUrl\":\"https:\\\/\\\/www.ia4sp.org\\\/de\\\/wp-content\\\/uploads\\\/sites\\\/2\\\/2020\\\/07\\\/IA4SP-logo.jpg\",\"width\":2258,\"height\":1412,\"caption\":\"International Association for SAP Partners e.V. (IA4SP)\"},\"image\":{\"@id\":\"https:\\\/\\\/www.ia4sp.org\\\/de\\\/#\\\/schema\\\/logo\\\/image\\\/\"},\"sameAs\":[\"https:\\\/\\\/x.com\\\/IA4SP\",\"http:\\\/\\\/www.linkedin.com\\\/company\\\/ia4sp-e-v-\",\"https:\\\/\\\/www.youtube.com\\\/channel\\\/UCgehKwoFClFFWS2IuVbdXdQ\"]},{\"@type\":\"Person\",\"@id\":\"https:\\\/\\\/www.ia4sp.org\\\/de\\\/#\\\/schema\\\/person\\\/24df30de584db41c7f1c6b8fa1a19c66\",\"name\":\"ia4spgradt\",\"image\":{\"@type\":\"ImageObject\",\"inLanguage\":\"de\",\"@id\":\"https:\\\/\\\/secure.gravatar.com\\\/avatar\\\/c83aff16c8c8e4ae2e712653aba78ccac2978169de3a03e0bb8f762f576cb853?s=96&d=mm&r=g\",\"url\":\"https:\\\/\\\/secure.gravatar.com\\\/avatar\\\/c83aff16c8c8e4ae2e712653aba78ccac2978169de3a03e0bb8f762f576cb853?s=96&d=mm&r=g\",\"contentUrl\":\"https:\\\/\\\/secure.gravatar.com\\\/avatar\\\/c83aff16c8c8e4ae2e712653aba78ccac2978169de3a03e0bb8f762f576cb853?s=96&d=mm&r=g\",\"caption\":\"ia4spgradt\"}}]}<\/script>\n<!-- \/ Yoast SEO plugin. -->","yoast_head_json":{"title":"Arbeitskreis SAP Enterprise Architecture Management - IA4SP","robots":{"index":"index","follow":"follow","max-snippet":"max-snippet:-1","max-image-preview":"max-image-preview:large","max-video-preview":"max-video-preview:-1"},"canonical":"https:\/\/www.ia4sp.org\/de\/ak-sap-archmgmt\/","og_locale":"de_DE","og_type":"article","og_title":"Arbeitskreis SAP Enterprise Architecture Management - IA4SP","og_description":"Die digitale Transformation stellt Unternehmen vor die Herausforderung, komplexe IT-Landschaften effizient zu steuern und strategisch weiterzuentwickeln. SAP Enterprise Architecture Management (EAM) ist dabei ein entscheidender Erfolgsfaktor: Es verbindet Gesch\u00e4ftsprozesse, Anwendungen und Technologien zu einer ganzheitlichen Architektur, die Innovation und Stabilit\u00e4t gleicherma\u00dfen erm\u00f6glicht. Um unsere Mitglieder bei dieser anspruchsvollen Aufgabe zu unterst\u00fctzen, hat die SAP-Partnervereinigung IA4SP... weiterlesen &raquo;","og_url":"https:\/\/www.ia4sp.org\/de\/ak-sap-archmgmt\/","og_site_name":"IA4SP","article_modified_time":"2025-11-30T21:34:57+00:00","twitter_card":"summary_large_image","twitter_site":"@IA4SP","twitter_misc":{"Gesch\u00e4tzte Lesezeit":"2\u00a0Minuten"},"schema":{"@context":"https:\/\/schema.org","@graph":[{"@type":"Article","@id":"https:\/\/www.ia4sp.org\/de\/ak-sap-archmgmt\/#article","isPartOf":{"@id":"https:\/\/www.ia4sp.org\/de\/ak-sap-archmgmt\/"},"author":{"name":"ia4spgradt","@id":"https:\/\/www.ia4sp.org\/de\/#\/schema\/person\/24df30de584db41c7f1c6b8fa1a19c66"},"headline":"Arbeitskreis SAP Enterprise Architecture Management","datePublished":"2025-11-30T18:26:43+00:00","dateModified":"2025-11-30T21:34:57+00:00","mainEntityOfPage":{"@id":"https:\/\/www.ia4sp.org\/de\/ak-sap-archmgmt\/"},"wordCount":236,"publisher":{"@id":"https:\/\/www.ia4sp.org\/de\/#organization"},"inLanguage":"de"},{"@type":"WebPage","@id":"https:\/\/www.ia4sp.org\/de\/ak-sap-archmgmt\/","url":"https:\/\/www.ia4sp.org\/de\/ak-sap-archmgmt\/","name":"Arbeitskreis SAP Enterprise Architecture Management - IA4SP","isPartOf":{"@id":"https:\/\/www.ia4sp.org\/de\/#website"},"datePublished":"2025-11-30T18:26:43+00:00","dateModified":"2025-11-30T21:34:57+00:00","breadcrumb":{"@id":"https:\/\/www.ia4sp.org\/de\/ak-sap-archmgmt\/#breadcrumb"},"inLanguage":"de","potentialAction":[{"@type":"ReadAction","target":["https:\/\/www.ia4sp.org\/de\/ak-sap-archmgmt\/"]}]},{"@type":"BreadcrumbList","@id":"https:\/\/www.ia4sp.org\/de\/ak-sap-archmgmt\/#breadcrumb","itemListElement":[{"@type":"ListItem","position":1,"name":"Startseite","item":"https:\/\/www.ia4sp.org\/de\/"},{"@type":"ListItem","position":2,"name":"Arbeitskreis SAP Enterprise Architecture Management"}]},{"@type":"WebSite","@id":"https:\/\/www.ia4sp.org\/de\/#website","url":"https:\/\/www.ia4sp.org\/de\/","name":"IA4SP","description":"International Association for SAP Partners e.V.","publisher":{"@id":"https:\/\/www.ia4sp.org\/de\/#organization"},"potentialAction":[{"@type":"SearchAction","target":{"@type":"EntryPoint","urlTemplate":"https:\/\/www.ia4sp.org\/de\/?s={search_term_string}"},"query-input":{"@type":"PropertyValueSpecification","valueRequired":true,"valueName":"search_term_string"}}],"inLanguage":"de"},{"@type":"Organization","@id":"https:\/\/www.ia4sp.org\/de\/#organization","name":"International Association for SAP Partners e.V. (IA4SP)","url":"https:\/\/www.ia4sp.org\/de\/","logo":{"@type":"ImageObject","inLanguage":"de","@id":"https:\/\/www.ia4sp.org\/de\/#\/schema\/logo\/image\/","url":"https:\/\/www.ia4sp.org\/de\/wp-content\/uploads\/sites\/2\/2020\/07\/IA4SP-logo.jpg","contentUrl":"https:\/\/www.ia4sp.org\/de\/wp-content\/uploads\/sites\/2\/2020\/07\/IA4SP-logo.jpg","width":2258,"height":1412,"caption":"International Association for SAP Partners e.V. (IA4SP)"},"image":{"@id":"https:\/\/www.ia4sp.org\/de\/#\/schema\/logo\/image\/"},"sameAs":["https:\/\/x.com\/IA4SP","http:\/\/www.linkedin.com\/company\/ia4sp-e-v-","https:\/\/www.youtube.com\/channel\/UCgehKwoFClFFWS2IuVbdXdQ"]},{"@type":"Person","@id":"https:\/\/www.ia4sp.org\/de\/#\/schema\/person\/24df30de584db41c7f1c6b8fa1a19c66","name":"ia4spgradt","image":{"@type":"ImageObject","inLanguage":"de","@id":"https:\/\/secure.gravatar.com\/avatar\/c83aff16c8c8e4ae2e712653aba78ccac2978169de3a03e0bb8f762f576cb853?s=96&d=mm&r=g","url":"https:\/\/secure.gravatar.com\/avatar\/c83aff16c8c8e4ae2e712653aba78ccac2978169de3a03e0bb8f762f576cb853?s=96&d=mm&r=g","contentUrl":"https:\/\/secure.gravatar.com\/avatar\/c83aff16c8c8e4ae2e712653aba78ccac2978169de3a03e0bb8f762f576cb853?s=96&d=mm&r=g","caption":"ia4spgradt"}}]}},"_links":{"self":[{"href":"https:\/\/www.ia4sp.org\/de\/wp-json\/wp\/v2\/pages\/5862","targetHints":{"allow":["GET"]}}],"collection":[{"href":"https:\/\/www.ia4sp.org\/de\/wp-json\/wp\/v2\/pages"}],"about":[{"href":"https:\/\/www.ia4sp.org\/de\/wp-json\/wp\/v2\/types\/page"}],"author":[{"embeddable":true,"href":"https:\/\/www.ia4sp.org\/de\/wp-json\/wp\/v2\/users\/31"}],"replies":[{"embeddable":true,"href":"https:\/\/www.ia4sp.org\/de\/wp-json\/wp\/v2\/comments?post=5862"}],"version-history":[{"count":5,"href":"https:\/\/www.ia4sp.org\/de\/wp-json\/wp\/v2\/pages\/5862\/revisions"}],"predecessor-version":[{"id":5892,"href":"https:\/\/www.ia4sp.org\/de\/wp-json\/wp\/v2\/pages\/5862\/revisions\/5892"}],"wp:attachment":[{"href":"https:\/\/www.ia4sp.org\/de\/wp-json\/wp\/v2\/media?parent=5862"}],"curies":[{"name":"wp","href":"https:\/\/api.w.org\/{rel}","templated":true}]}}