{"id":5890,"date":"2025-11-30T19:26:43","date_gmt":"2025-11-30T18:26:43","guid":{"rendered":"https:\/\/www.ia4sp.org\/de\/?page_id=5890"},"modified":"2025-11-30T22:35:03","modified_gmt":"2025-11-30T21:35:03","slug":"ak-sap-partneredge","status":"publish","type":"page","link":"https:\/\/www.ia4sp.org\/de\/ak-sap-partneredge\/","title":{"rendered":"Arbeitskreis SAP PartnerEdge"},"content":{"rendered":"<p>Die SAP-Partnerlandschaft befindet sich im Wandel \u2013 neue Gesch\u00e4ftsmodelle, Cloud-Strategien und digitale Services ver\u00e4ndern die Art und Weise, wie Partner mit SAP zusammenarbeiten k\u00f6nnen. Das Programm <strong>SAP PartnerEdge<\/strong> wird von grundauf ver\u00e4ndert und definiert die Rahmenbedingungen f\u00fcr Partnerschaften, Zertifizierungen und Go-to-Market-Strategien neu.<\/p>\n<p>Was bedeuten die aktuellen Anpassungen f\u00fcr Ihr Unternehmen? Um diese Fragen zu beantworten und den Austausch unter Experten zu f\u00f6rdern, haben wir den Arbeitskreis \u201eSAP PartnerEdge\u201c ins Leben gerufen. Ziel ist es, eine Plattform zu schaffen, auf der Mitglieder die neuesten Entwicklungen verstehen, Chancen erkennen und gemeinsam Strategien ableiten k\u00f6nnen. In enger Zusammenarbeit mit dem DSAG-Partnerbeirat wollen wir so Themen transparent machen und uns bei SAP Geh\u00f6r verschaffen.<\/p>\n<p>Im Fokus stehen Themen wie neue Kompetenzbereiche, \u00c4nderungen bei Zertifizierungen, die Integration von Cloud-Services sowie die Auswirkungen auf Lizenzmodelle und Margen. Dar\u00fcber hinaus beleuchten wir, wie sich die Anforderungen an Partner im Hinblick auf Innovation, Nachhaltigkeit und Kundenerfolg ver\u00e4ndern. Praxisberichte und Best Practices aus der Community helfen, die Neuerungen greifbar zu machen und konkrete Handlungsempfehlungen abzuleiten.<\/p>\n<p><strong>Jetzt aktiv werden!<\/strong> Gleich anmelden und gemeinsam Transparenz und Orientierung schaffen, sowie neue Chancen im SAP PartnerEdge-Programm nutzen.<\/p>\n\n\t\t\t\t\t\t<script>\n\t\t\t\t\t\t\twindow.hsFormsOnReady = window.hsFormsOnReady || [];\n\t\t\t\t\t\t\twindow.hsFormsOnReady.push(()=>{\n\t\t\t\t\t\t\t\thbspt.forms.create({\n\t\t\t\t\t\t\t\t\tportalId: 26785333,\n\t\t\t\t\t\t\t\t\tformId: \"ddc15926-4f16-45ca-aaa0-21c4e811940b\",\n\t\t\t\t\t\t\t\t\ttarget: \"#hbspt-form-1777805808000-0627343144\",\n\t\t\t\t\t\t\t\t\tregion: \"eu1\",\n\t\t\t\t\t\t\t\t\t\n\t\t\t\t\t\t\t})});\n\t\t\t\t\t\t<\/script>\n\t\t\t\t\t\t<div class=\"hbspt-form\" id=\"hbspt-form-1777805808000-0627343144\"><\/div>\n<p>Ansprechpartner f\u00fcr diesen Arbeitskreis ist Christian Gradt.<\/p>\n","protected":false},"excerpt":{"rendered":"<p>Die SAP-Partnerlandschaft befindet sich im Wandel \u2013 neue Gesch\u00e4ftsmodelle, Cloud-Strategien und digitale Services ver\u00e4ndern die Art und Weise, wie Partner mit SAP zusammenarbeiten k\u00f6nnen. Das Programm SAP PartnerEdge wird von grundauf ver\u00e4ndert und definiert die Rahmenbedingungen f\u00fcr Partnerschaften, Zertifizierungen und Go-to-Market-Strategien neu. Was bedeuten die aktuellen Anpassungen f\u00fcr Ihr Unternehmen? Um diese Fragen zu beantworten&#8230;  <a class=\"excerpt-read-more\" href=\"https:\/\/www.ia4sp.org\/de\/ak-sap-partneredge\/\" title=\"ReadArbeitskreis SAP PartnerEdge\">weiterlesen &raquo;<\/a><\/p>\n","protected":false},"author":31,"featured_media":0,"parent":0,"menu_order":0,"comment_status":"closed","ping_status":"closed","template":"","meta":{"_acf_changed":false,"content-type":"","footnotes":"","_links_to":"","_links_to_target":""},"class_list":["post-5890","page","type-page","status-publish","hentry"],"acf":[],"yoast_head":"<!-- This site is optimized with the Yoast SEO plugin v27.4 - https:\/\/yoast.com\/product\/yoast-seo-wordpress\/ -->\n<title>Arbeitskreis SAP PartnerEdge - IA4SP<\/title>\n<meta name=\"robots\" content=\"index, follow, max-snippet:-1, max-image-preview:large, max-video-preview:-1\" \/>\n<link rel=\"canonical\" href=\"https:\/\/www.ia4sp.org\/de\/ak-sap-partneredge\/\" \/>\n<meta property=\"og:locale\" content=\"de_DE\" \/>\n<meta property=\"og:type\" content=\"article\" \/>\n<meta property=\"og:title\" content=\"Arbeitskreis SAP PartnerEdge - IA4SP\" \/>\n<meta property=\"og:description\" content=\"Die SAP-Partnerlandschaft befindet sich im Wandel \u2013 neue Gesch\u00e4ftsmodelle, Cloud-Strategien und digitale Services ver\u00e4ndern die Art und Weise, wie Partner mit SAP zusammenarbeiten k\u00f6nnen. Das Programm SAP PartnerEdge wird von grundauf ver\u00e4ndert und definiert die Rahmenbedingungen f\u00fcr Partnerschaften, Zertifizierungen und Go-to-Market-Strategien neu. Was bedeuten die aktuellen Anpassungen f\u00fcr Ihr Unternehmen? Um diese Fragen zu beantworten... weiterlesen &raquo;\" \/>\n<meta property=\"og:url\" content=\"https:\/\/www.ia4sp.org\/de\/ak-sap-partneredge\/\" \/>\n<meta property=\"og:site_name\" content=\"IA4SP\" \/>\n<meta property=\"article:modified_time\" content=\"2025-11-30T21:35:03+00:00\" \/>\n<meta name=\"twitter:card\" content=\"summary_large_image\" \/>\n<meta name=\"twitter:site\" content=\"@IA4SP\" \/>\n<meta name=\"twitter:label1\" content=\"Gesch\u00e4tzte Lesezeit\" \/>\n\t<meta name=\"twitter:data1\" content=\"2\u00a0Minuten\" \/>\n<script type=\"application\/ld+json\" class=\"yoast-schema-graph\">{\"@context\":\"https:\\\/\\\/schema.org\",\"@graph\":[{\"@type\":\"Article\",\"@id\":\"https:\\\/\\\/www.ia4sp.org\\\/de\\\/ak-sap-partneredge\\\/#article\",\"isPartOf\":{\"@id\":\"https:\\\/\\\/www.ia4sp.org\\\/de\\\/ak-sap-partneredge\\\/\"},\"author\":{\"name\":\"ia4spgradt\",\"@id\":\"https:\\\/\\\/www.ia4sp.org\\\/de\\\/#\\\/schema\\\/person\\\/24df30de584db41c7f1c6b8fa1a19c66\"},\"headline\":\"Arbeitskreis SAP PartnerEdge\",\"datePublished\":\"2025-11-30T18:26:43+00:00\",\"dateModified\":\"2025-11-30T21:35:03+00:00\",\"mainEntityOfPage\":{\"@id\":\"https:\\\/\\\/www.ia4sp.org\\\/de\\\/ak-sap-partneredge\\\/\"},\"wordCount\":219,\"publisher\":{\"@id\":\"https:\\\/\\\/www.ia4sp.org\\\/de\\\/#organization\"},\"inLanguage\":\"de\"},{\"@type\":\"WebPage\",\"@id\":\"https:\\\/\\\/www.ia4sp.org\\\/de\\\/ak-sap-partneredge\\\/\",\"url\":\"https:\\\/\\\/www.ia4sp.org\\\/de\\\/ak-sap-partneredge\\\/\",\"name\":\"Arbeitskreis SAP PartnerEdge - IA4SP\",\"isPartOf\":{\"@id\":\"https:\\\/\\\/www.ia4sp.org\\\/de\\\/#website\"},\"datePublished\":\"2025-11-30T18:26:43+00:00\",\"dateModified\":\"2025-11-30T21:35:03+00:00\",\"breadcrumb\":{\"@id\":\"https:\\\/\\\/www.ia4sp.org\\\/de\\\/ak-sap-partneredge\\\/#breadcrumb\"},\"inLanguage\":\"de\",\"potentialAction\":[{\"@type\":\"ReadAction\",\"target\":[\"https:\\\/\\\/www.ia4sp.org\\\/de\\\/ak-sap-partneredge\\\/\"]}]},{\"@type\":\"BreadcrumbList\",\"@id\":\"https:\\\/\\\/www.ia4sp.org\\\/de\\\/ak-sap-partneredge\\\/#breadcrumb\",\"itemListElement\":[{\"@type\":\"ListItem\",\"position\":1,\"name\":\"Startseite\",\"item\":\"https:\\\/\\\/www.ia4sp.org\\\/de\\\/\"},{\"@type\":\"ListItem\",\"position\":2,\"name\":\"Arbeitskreis SAP PartnerEdge\"}]},{\"@type\":\"WebSite\",\"@id\":\"https:\\\/\\\/www.ia4sp.org\\\/de\\\/#website\",\"url\":\"https:\\\/\\\/www.ia4sp.org\\\/de\\\/\",\"name\":\"IA4SP\",\"description\":\"International Association for SAP Partners e.V.\",\"publisher\":{\"@id\":\"https:\\\/\\\/www.ia4sp.org\\\/de\\\/#organization\"},\"potentialAction\":[{\"@type\":\"SearchAction\",\"target\":{\"@type\":\"EntryPoint\",\"urlTemplate\":\"https:\\\/\\\/www.ia4sp.org\\\/de\\\/?s={search_term_string}\"},\"query-input\":{\"@type\":\"PropertyValueSpecification\",\"valueRequired\":true,\"valueName\":\"search_term_string\"}}],\"inLanguage\":\"de\"},{\"@type\":\"Organization\",\"@id\":\"https:\\\/\\\/www.ia4sp.org\\\/de\\\/#organization\",\"name\":\"International Association for SAP Partners e.V. (IA4SP)\",\"url\":\"https:\\\/\\\/www.ia4sp.org\\\/de\\\/\",\"logo\":{\"@type\":\"ImageObject\",\"inLanguage\":\"de\",\"@id\":\"https:\\\/\\\/www.ia4sp.org\\\/de\\\/#\\\/schema\\\/logo\\\/image\\\/\",\"url\":\"https:\\\/\\\/www.ia4sp.org\\\/de\\\/wp-content\\\/uploads\\\/sites\\\/2\\\/2020\\\/07\\\/IA4SP-logo.jpg\",\"contentUrl\":\"https:\\\/\\\/www.ia4sp.org\\\/de\\\/wp-content\\\/uploads\\\/sites\\\/2\\\/2020\\\/07\\\/IA4SP-logo.jpg\",\"width\":2258,\"height\":1412,\"caption\":\"International Association for SAP Partners e.V. (IA4SP)\"},\"image\":{\"@id\":\"https:\\\/\\\/www.ia4sp.org\\\/de\\\/#\\\/schema\\\/logo\\\/image\\\/\"},\"sameAs\":[\"https:\\\/\\\/x.com\\\/IA4SP\",\"http:\\\/\\\/www.linkedin.com\\\/company\\\/ia4sp-e-v-\",\"https:\\\/\\\/www.youtube.com\\\/channel\\\/UCgehKwoFClFFWS2IuVbdXdQ\"]},{\"@type\":\"Person\",\"@id\":\"https:\\\/\\\/www.ia4sp.org\\\/de\\\/#\\\/schema\\\/person\\\/24df30de584db41c7f1c6b8fa1a19c66\",\"name\":\"ia4spgradt\",\"image\":{\"@type\":\"ImageObject\",\"inLanguage\":\"de\",\"@id\":\"https:\\\/\\\/secure.gravatar.com\\\/avatar\\\/c83aff16c8c8e4ae2e712653aba78ccac2978169de3a03e0bb8f762f576cb853?s=96&d=mm&r=g\",\"url\":\"https:\\\/\\\/secure.gravatar.com\\\/avatar\\\/c83aff16c8c8e4ae2e712653aba78ccac2978169de3a03e0bb8f762f576cb853?s=96&d=mm&r=g\",\"contentUrl\":\"https:\\\/\\\/secure.gravatar.com\\\/avatar\\\/c83aff16c8c8e4ae2e712653aba78ccac2978169de3a03e0bb8f762f576cb853?s=96&d=mm&r=g\",\"caption\":\"ia4spgradt\"}}]}<\/script>\n<!-- \/ Yoast SEO plugin. -->","yoast_head_json":{"title":"Arbeitskreis SAP PartnerEdge - IA4SP","robots":{"index":"index","follow":"follow","max-snippet":"max-snippet:-1","max-image-preview":"max-image-preview:large","max-video-preview":"max-video-preview:-1"},"canonical":"https:\/\/www.ia4sp.org\/de\/ak-sap-partneredge\/","og_locale":"de_DE","og_type":"article","og_title":"Arbeitskreis SAP PartnerEdge - IA4SP","og_description":"Die SAP-Partnerlandschaft befindet sich im Wandel \u2013 neue Gesch\u00e4ftsmodelle, Cloud-Strategien und digitale Services ver\u00e4ndern die Art und Weise, wie Partner mit SAP zusammenarbeiten k\u00f6nnen. Das Programm SAP PartnerEdge wird von grundauf ver\u00e4ndert und definiert die Rahmenbedingungen f\u00fcr Partnerschaften, Zertifizierungen und Go-to-Market-Strategien neu. Was bedeuten die aktuellen Anpassungen f\u00fcr Ihr Unternehmen? Um diese Fragen zu beantworten... weiterlesen &raquo;","og_url":"https:\/\/www.ia4sp.org\/de\/ak-sap-partneredge\/","og_site_name":"IA4SP","article_modified_time":"2025-11-30T21:35:03+00:00","twitter_card":"summary_large_image","twitter_site":"@IA4SP","twitter_misc":{"Gesch\u00e4tzte Lesezeit":"2\u00a0Minuten"},"schema":{"@context":"https:\/\/schema.org","@graph":[{"@type":"Article","@id":"https:\/\/www.ia4sp.org\/de\/ak-sap-partneredge\/#article","isPartOf":{"@id":"https:\/\/www.ia4sp.org\/de\/ak-sap-partneredge\/"},"author":{"name":"ia4spgradt","@id":"https:\/\/www.ia4sp.org\/de\/#\/schema\/person\/24df30de584db41c7f1c6b8fa1a19c66"},"headline":"Arbeitskreis SAP PartnerEdge","datePublished":"2025-11-30T18:26:43+00:00","dateModified":"2025-11-30T21:35:03+00:00","mainEntityOfPage":{"@id":"https:\/\/www.ia4sp.org\/de\/ak-sap-partneredge\/"},"wordCount":219,"publisher":{"@id":"https:\/\/www.ia4sp.org\/de\/#organization"},"inLanguage":"de"},{"@type":"WebPage","@id":"https:\/\/www.ia4sp.org\/de\/ak-sap-partneredge\/","url":"https:\/\/www.ia4sp.org\/de\/ak-sap-partneredge\/","name":"Arbeitskreis SAP PartnerEdge - IA4SP","isPartOf":{"@id":"https:\/\/www.ia4sp.org\/de\/#website"},"datePublished":"2025-11-30T18:26:43+00:00","dateModified":"2025-11-30T21:35:03+00:00","breadcrumb":{"@id":"https:\/\/www.ia4sp.org\/de\/ak-sap-partneredge\/#breadcrumb"},"inLanguage":"de","potentialAction":[{"@type":"ReadAction","target":["https:\/\/www.ia4sp.org\/de\/ak-sap-partneredge\/"]}]},{"@type":"BreadcrumbList","@id":"https:\/\/www.ia4sp.org\/de\/ak-sap-partneredge\/#breadcrumb","itemListElement":[{"@type":"ListItem","position":1,"name":"Startseite","item":"https:\/\/www.ia4sp.org\/de\/"},{"@type":"ListItem","position":2,"name":"Arbeitskreis SAP PartnerEdge"}]},{"@type":"WebSite","@id":"https:\/\/www.ia4sp.org\/de\/#website","url":"https:\/\/www.ia4sp.org\/de\/","name":"IA4SP","description":"International Association for SAP Partners e.V.","publisher":{"@id":"https:\/\/www.ia4sp.org\/de\/#organization"},"potentialAction":[{"@type":"SearchAction","target":{"@type":"EntryPoint","urlTemplate":"https:\/\/www.ia4sp.org\/de\/?s={search_term_string}"},"query-input":{"@type":"PropertyValueSpecification","valueRequired":true,"valueName":"search_term_string"}}],"inLanguage":"de"},{"@type":"Organization","@id":"https:\/\/www.ia4sp.org\/de\/#organization","name":"International Association for SAP Partners e.V. (IA4SP)","url":"https:\/\/www.ia4sp.org\/de\/","logo":{"@type":"ImageObject","inLanguage":"de","@id":"https:\/\/www.ia4sp.org\/de\/#\/schema\/logo\/image\/","url":"https:\/\/www.ia4sp.org\/de\/wp-content\/uploads\/sites\/2\/2020\/07\/IA4SP-logo.jpg","contentUrl":"https:\/\/www.ia4sp.org\/de\/wp-content\/uploads\/sites\/2\/2020\/07\/IA4SP-logo.jpg","width":2258,"height":1412,"caption":"International Association for SAP Partners e.V. (IA4SP)"},"image":{"@id":"https:\/\/www.ia4sp.org\/de\/#\/schema\/logo\/image\/"},"sameAs":["https:\/\/x.com\/IA4SP","http:\/\/www.linkedin.com\/company\/ia4sp-e-v-","https:\/\/www.youtube.com\/channel\/UCgehKwoFClFFWS2IuVbdXdQ"]},{"@type":"Person","@id":"https:\/\/www.ia4sp.org\/de\/#\/schema\/person\/24df30de584db41c7f1c6b8fa1a19c66","name":"ia4spgradt","image":{"@type":"ImageObject","inLanguage":"de","@id":"https:\/\/secure.gravatar.com\/avatar\/c83aff16c8c8e4ae2e712653aba78ccac2978169de3a03e0bb8f762f576cb853?s=96&d=mm&r=g","url":"https:\/\/secure.gravatar.com\/avatar\/c83aff16c8c8e4ae2e712653aba78ccac2978169de3a03e0bb8f762f576cb853?s=96&d=mm&r=g","contentUrl":"https:\/\/secure.gravatar.com\/avatar\/c83aff16c8c8e4ae2e712653aba78ccac2978169de3a03e0bb8f762f576cb853?s=96&d=mm&r=g","caption":"ia4spgradt"}}]}},"_links":{"self":[{"href":"https:\/\/www.ia4sp.org\/de\/wp-json\/wp\/v2\/pages\/5890","targetHints":{"allow":["GET"]}}],"collection":[{"href":"https:\/\/www.ia4sp.org\/de\/wp-json\/wp\/v2\/pages"}],"about":[{"href":"https:\/\/www.ia4sp.org\/de\/wp-json\/wp\/v2\/types\/page"}],"author":[{"embeddable":true,"href":"https:\/\/www.ia4sp.org\/de\/wp-json\/wp\/v2\/users\/31"}],"replies":[{"embeddable":true,"href":"https:\/\/www.ia4sp.org\/de\/wp-json\/wp\/v2\/comments?post=5890"}],"version-history":[{"count":2,"href":"https:\/\/www.ia4sp.org\/de\/wp-json\/wp\/v2\/pages\/5890\/revisions"}],"predecessor-version":[{"id":5896,"href":"https:\/\/www.ia4sp.org\/de\/wp-json\/wp\/v2\/pages\/5890\/revisions\/5896"}],"wp:attachment":[{"href":"https:\/\/www.ia4sp.org\/de\/wp-json\/wp\/v2\/media?parent=5890"}],"curies":[{"name":"wp","href":"https:\/\/api.w.org\/{rel}","templated":true}]}}