{"id":5893,"date":"2025-11-30T19:26:43","date_gmt":"2025-11-30T18:26:43","guid":{"rendered":"https:\/\/www.ia4sp.org\/de\/?page_id=5893"},"modified":"2025-11-30T23:09:44","modified_gmt":"2025-11-30T22:09:44","slug":"ak-ressourcen","status":"publish","type":"page","link":"https:\/\/www.ia4sp.org\/de\/ak-ressourcen\/","title":{"rendered":"Arbeitskreis Ressourcenmanagement"},"content":{"rendered":"<p>IA4SP e.V. steht f\u00fcr Vernetzung, Wissenstransfer und gemeinsames Business. Mit unserem Arbeitskreis \u201eRessourcenmanagement\u201c schaffen wir f\u00fcr unsere Mitglieder eine Plattform, die gezielt auf die aktuellen Herausforderungen eingeht: Fachkr\u00e4ftemangel, Projektspitzen und die Notwendigkeit flexibler Zusammenarbeit.<\/p>\n<p>Der Arbeitskreis bietet Unternehmen die M\u00f6glichkeit, ihre Ressourcen effizienter zu nutzen und Synergien zu schaffen. Ob Berater, Entwickler oder Projektmanager \u2013 oft sind beim Einen Kapazit\u00e4ten vorhanden, die beim Anderen in Projekten dringend ben\u00f6tigt werden. Durch den strukturierten Austausch innerhalb des Arbeitskreises k\u00f6nnen Mitglieder kurzfristig Unterst\u00fctzung finden oder eigene Experten sinnvoll einsetzen. So entstehen Win-Win-Situationen, die nicht nur Projekte beschleunigen, sondern auch die Partnerschaft innerhalb des IA4SP-Netzwerks st\u00e4rken.<\/p>\n<p>Melde Dich gerne zum Arbeitskreis an &#8211; die Arbeitkreissprecher werden sich in K\u00fcrze bei Dir melden.<\/p>\n\n\t\t\t\t\t\t<script>\n\t\t\t\t\t\t\twindow.hsFormsOnReady = window.hsFormsOnReady || [];\n\t\t\t\t\t\t\twindow.hsFormsOnReady.push(()=>{\n\t\t\t\t\t\t\t\thbspt.forms.create({\n\t\t\t\t\t\t\t\t\tportalId: 26785333,\n\t\t\t\t\t\t\t\t\tformId: \"7d2ae857-30b0-45e6-9e23-9c0e8ccbc730\",\n\t\t\t\t\t\t\t\t\ttarget: \"#hbspt-form-1777805801000-0287959567\",\n\t\t\t\t\t\t\t\t\tregion: \"eu1\",\n\t\t\t\t\t\t\t\t\t\n\t\t\t\t\t\t\t})});\n\t\t\t\t\t\t<\/script>\n\t\t\t\t\t\t<div class=\"hbspt-form\" id=\"hbspt-form-1777805801000-0287959567\"><\/div>\n<p>Ansprechpartner f\u00fcr diesen Arbeitskreis sind Mike Wiede und Georg Varelmann<\/p>\n","protected":false},"excerpt":{"rendered":"<p>IA4SP e.V. steht f\u00fcr Vernetzung, Wissenstransfer und gemeinsames Business. Mit unserem Arbeitskreis \u201eRessourcenmanagement\u201c schaffen wir f\u00fcr unsere Mitglieder eine Plattform, die gezielt auf die aktuellen Herausforderungen eingeht: Fachkr\u00e4ftemangel, Projektspitzen und die Notwendigkeit flexibler Zusammenarbeit. Der Arbeitskreis bietet Unternehmen die M\u00f6glichkeit, ihre Ressourcen effizienter zu nutzen und Synergien zu schaffen. Ob Berater, Entwickler oder Projektmanager \u2013&#8230;  <a class=\"excerpt-read-more\" href=\"https:\/\/www.ia4sp.org\/de\/ak-ressourcen\/\" title=\"ReadArbeitskreis Ressourcenmanagement\">weiterlesen &raquo;<\/a><\/p>\n","protected":false},"author":31,"featured_media":0,"parent":0,"menu_order":0,"comment_status":"closed","ping_status":"closed","template":"","meta":{"_acf_changed":false,"content-type":"","footnotes":"","_links_to":"","_links_to_target":""},"class_list":["post-5893","page","type-page","status-publish","hentry"],"acf":[],"yoast_head":"<!-- This site is optimized with the Yoast SEO plugin v27.4 - https:\/\/yoast.com\/product\/yoast-seo-wordpress\/ -->\n<title>Arbeitskreis Ressourcenmanagement - IA4SP<\/title>\n<meta name=\"robots\" content=\"index, follow, max-snippet:-1, max-image-preview:large, max-video-preview:-1\" \/>\n<link rel=\"canonical\" href=\"https:\/\/www.ia4sp.org\/de\/ak-ressourcen\/\" \/>\n<meta property=\"og:locale\" content=\"de_DE\" \/>\n<meta property=\"og:type\" content=\"article\" \/>\n<meta property=\"og:title\" content=\"Arbeitskreis Ressourcenmanagement - IA4SP\" \/>\n<meta property=\"og:description\" content=\"IA4SP e.V. steht f\u00fcr Vernetzung, Wissenstransfer und gemeinsames Business. Mit unserem Arbeitskreis \u201eRessourcenmanagement\u201c schaffen wir f\u00fcr unsere Mitglieder eine Plattform, die gezielt auf die aktuellen Herausforderungen eingeht: Fachkr\u00e4ftemangel, Projektspitzen und die Notwendigkeit flexibler Zusammenarbeit. Der Arbeitskreis bietet Unternehmen die M\u00f6glichkeit, ihre Ressourcen effizienter zu nutzen und Synergien zu schaffen. Ob Berater, Entwickler oder Projektmanager \u2013... weiterlesen &raquo;\" \/>\n<meta property=\"og:url\" content=\"https:\/\/www.ia4sp.org\/de\/ak-ressourcen\/\" \/>\n<meta property=\"og:site_name\" content=\"IA4SP\" \/>\n<meta property=\"article:modified_time\" content=\"2025-11-30T22:09:44+00:00\" \/>\n<meta name=\"twitter:card\" content=\"summary_large_image\" \/>\n<meta name=\"twitter:site\" content=\"@IA4SP\" \/>\n<meta name=\"twitter:label1\" content=\"Gesch\u00e4tzte Lesezeit\" \/>\n\t<meta name=\"twitter:data1\" content=\"1\u00a0Minute\" \/>\n<script type=\"application\/ld+json\" class=\"yoast-schema-graph\">{\"@context\":\"https:\\\/\\\/schema.org\",\"@graph\":[{\"@type\":\"Article\",\"@id\":\"https:\\\/\\\/www.ia4sp.org\\\/de\\\/ak-ressourcen\\\/#article\",\"isPartOf\":{\"@id\":\"https:\\\/\\\/www.ia4sp.org\\\/de\\\/ak-ressourcen\\\/\"},\"author\":{\"name\":\"ia4spgradt\",\"@id\":\"https:\\\/\\\/www.ia4sp.org\\\/de\\\/#\\\/schema\\\/person\\\/24df30de584db41c7f1c6b8fa1a19c66\"},\"headline\":\"Arbeitskreis Ressourcenmanagement\",\"datePublished\":\"2025-11-30T18:26:43+00:00\",\"dateModified\":\"2025-11-30T22:09:44+00:00\",\"mainEntityOfPage\":{\"@id\":\"https:\\\/\\\/www.ia4sp.org\\\/de\\\/ak-ressourcen\\\/\"},\"wordCount\":160,\"publisher\":{\"@id\":\"https:\\\/\\\/www.ia4sp.org\\\/de\\\/#organization\"},\"inLanguage\":\"de\"},{\"@type\":\"WebPage\",\"@id\":\"https:\\\/\\\/www.ia4sp.org\\\/de\\\/ak-ressourcen\\\/\",\"url\":\"https:\\\/\\\/www.ia4sp.org\\\/de\\\/ak-ressourcen\\\/\",\"name\":\"Arbeitskreis Ressourcenmanagement - IA4SP\",\"isPartOf\":{\"@id\":\"https:\\\/\\\/www.ia4sp.org\\\/de\\\/#website\"},\"datePublished\":\"2025-11-30T18:26:43+00:00\",\"dateModified\":\"2025-11-30T22:09:44+00:00\",\"breadcrumb\":{\"@id\":\"https:\\\/\\\/www.ia4sp.org\\\/de\\\/ak-ressourcen\\\/#breadcrumb\"},\"inLanguage\":\"de\",\"potentialAction\":[{\"@type\":\"ReadAction\",\"target\":[\"https:\\\/\\\/www.ia4sp.org\\\/de\\\/ak-ressourcen\\\/\"]}]},{\"@type\":\"BreadcrumbList\",\"@id\":\"https:\\\/\\\/www.ia4sp.org\\\/de\\\/ak-ressourcen\\\/#breadcrumb\",\"itemListElement\":[{\"@type\":\"ListItem\",\"position\":1,\"name\":\"Startseite\",\"item\":\"https:\\\/\\\/www.ia4sp.org\\\/de\\\/\"},{\"@type\":\"ListItem\",\"position\":2,\"name\":\"Arbeitskreis Ressourcenmanagement\"}]},{\"@type\":\"WebSite\",\"@id\":\"https:\\\/\\\/www.ia4sp.org\\\/de\\\/#website\",\"url\":\"https:\\\/\\\/www.ia4sp.org\\\/de\\\/\",\"name\":\"IA4SP\",\"description\":\"International Association for SAP Partners e.V.\",\"publisher\":{\"@id\":\"https:\\\/\\\/www.ia4sp.org\\\/de\\\/#organization\"},\"potentialAction\":[{\"@type\":\"SearchAction\",\"target\":{\"@type\":\"EntryPoint\",\"urlTemplate\":\"https:\\\/\\\/www.ia4sp.org\\\/de\\\/?s={search_term_string}\"},\"query-input\":{\"@type\":\"PropertyValueSpecification\",\"valueRequired\":true,\"valueName\":\"search_term_string\"}}],\"inLanguage\":\"de\"},{\"@type\":\"Organization\",\"@id\":\"https:\\\/\\\/www.ia4sp.org\\\/de\\\/#organization\",\"name\":\"International Association for SAP Partners e.V. (IA4SP)\",\"url\":\"https:\\\/\\\/www.ia4sp.org\\\/de\\\/\",\"logo\":{\"@type\":\"ImageObject\",\"inLanguage\":\"de\",\"@id\":\"https:\\\/\\\/www.ia4sp.org\\\/de\\\/#\\\/schema\\\/logo\\\/image\\\/\",\"url\":\"https:\\\/\\\/www.ia4sp.org\\\/de\\\/wp-content\\\/uploads\\\/sites\\\/2\\\/2020\\\/07\\\/IA4SP-logo.jpg\",\"contentUrl\":\"https:\\\/\\\/www.ia4sp.org\\\/de\\\/wp-content\\\/uploads\\\/sites\\\/2\\\/2020\\\/07\\\/IA4SP-logo.jpg\",\"width\":2258,\"height\":1412,\"caption\":\"International Association for SAP Partners e.V. (IA4SP)\"},\"image\":{\"@id\":\"https:\\\/\\\/www.ia4sp.org\\\/de\\\/#\\\/schema\\\/logo\\\/image\\\/\"},\"sameAs\":[\"https:\\\/\\\/x.com\\\/IA4SP\",\"http:\\\/\\\/www.linkedin.com\\\/company\\\/ia4sp-e-v-\",\"https:\\\/\\\/www.youtube.com\\\/channel\\\/UCgehKwoFClFFWS2IuVbdXdQ\"]},{\"@type\":\"Person\",\"@id\":\"https:\\\/\\\/www.ia4sp.org\\\/de\\\/#\\\/schema\\\/person\\\/24df30de584db41c7f1c6b8fa1a19c66\",\"name\":\"ia4spgradt\",\"image\":{\"@type\":\"ImageObject\",\"inLanguage\":\"de\",\"@id\":\"https:\\\/\\\/secure.gravatar.com\\\/avatar\\\/c83aff16c8c8e4ae2e712653aba78ccac2978169de3a03e0bb8f762f576cb853?s=96&d=mm&r=g\",\"url\":\"https:\\\/\\\/secure.gravatar.com\\\/avatar\\\/c83aff16c8c8e4ae2e712653aba78ccac2978169de3a03e0bb8f762f576cb853?s=96&d=mm&r=g\",\"contentUrl\":\"https:\\\/\\\/secure.gravatar.com\\\/avatar\\\/c83aff16c8c8e4ae2e712653aba78ccac2978169de3a03e0bb8f762f576cb853?s=96&d=mm&r=g\",\"caption\":\"ia4spgradt\"}}]}<\/script>\n<!-- \/ Yoast SEO plugin. -->","yoast_head_json":{"title":"Arbeitskreis Ressourcenmanagement - IA4SP","robots":{"index":"index","follow":"follow","max-snippet":"max-snippet:-1","max-image-preview":"max-image-preview:large","max-video-preview":"max-video-preview:-1"},"canonical":"https:\/\/www.ia4sp.org\/de\/ak-ressourcen\/","og_locale":"de_DE","og_type":"article","og_title":"Arbeitskreis Ressourcenmanagement - IA4SP","og_description":"IA4SP e.V. steht f\u00fcr Vernetzung, Wissenstransfer und gemeinsames Business. Mit unserem Arbeitskreis \u201eRessourcenmanagement\u201c schaffen wir f\u00fcr unsere Mitglieder eine Plattform, die gezielt auf die aktuellen Herausforderungen eingeht: Fachkr\u00e4ftemangel, Projektspitzen und die Notwendigkeit flexibler Zusammenarbeit. Der Arbeitskreis bietet Unternehmen die M\u00f6glichkeit, ihre Ressourcen effizienter zu nutzen und Synergien zu schaffen. Ob Berater, Entwickler oder Projektmanager \u2013... weiterlesen &raquo;","og_url":"https:\/\/www.ia4sp.org\/de\/ak-ressourcen\/","og_site_name":"IA4SP","article_modified_time":"2025-11-30T22:09:44+00:00","twitter_card":"summary_large_image","twitter_site":"@IA4SP","twitter_misc":{"Gesch\u00e4tzte Lesezeit":"1\u00a0Minute"},"schema":{"@context":"https:\/\/schema.org","@graph":[{"@type":"Article","@id":"https:\/\/www.ia4sp.org\/de\/ak-ressourcen\/#article","isPartOf":{"@id":"https:\/\/www.ia4sp.org\/de\/ak-ressourcen\/"},"author":{"name":"ia4spgradt","@id":"https:\/\/www.ia4sp.org\/de\/#\/schema\/person\/24df30de584db41c7f1c6b8fa1a19c66"},"headline":"Arbeitskreis Ressourcenmanagement","datePublished":"2025-11-30T18:26:43+00:00","dateModified":"2025-11-30T22:09:44+00:00","mainEntityOfPage":{"@id":"https:\/\/www.ia4sp.org\/de\/ak-ressourcen\/"},"wordCount":160,"publisher":{"@id":"https:\/\/www.ia4sp.org\/de\/#organization"},"inLanguage":"de"},{"@type":"WebPage","@id":"https:\/\/www.ia4sp.org\/de\/ak-ressourcen\/","url":"https:\/\/www.ia4sp.org\/de\/ak-ressourcen\/","name":"Arbeitskreis Ressourcenmanagement - IA4SP","isPartOf":{"@id":"https:\/\/www.ia4sp.org\/de\/#website"},"datePublished":"2025-11-30T18:26:43+00:00","dateModified":"2025-11-30T22:09:44+00:00","breadcrumb":{"@id":"https:\/\/www.ia4sp.org\/de\/ak-ressourcen\/#breadcrumb"},"inLanguage":"de","potentialAction":[{"@type":"ReadAction","target":["https:\/\/www.ia4sp.org\/de\/ak-ressourcen\/"]}]},{"@type":"BreadcrumbList","@id":"https:\/\/www.ia4sp.org\/de\/ak-ressourcen\/#breadcrumb","itemListElement":[{"@type":"ListItem","position":1,"name":"Startseite","item":"https:\/\/www.ia4sp.org\/de\/"},{"@type":"ListItem","position":2,"name":"Arbeitskreis Ressourcenmanagement"}]},{"@type":"WebSite","@id":"https:\/\/www.ia4sp.org\/de\/#website","url":"https:\/\/www.ia4sp.org\/de\/","name":"IA4SP","description":"International Association for SAP Partners e.V.","publisher":{"@id":"https:\/\/www.ia4sp.org\/de\/#organization"},"potentialAction":[{"@type":"SearchAction","target":{"@type":"EntryPoint","urlTemplate":"https:\/\/www.ia4sp.org\/de\/?s={search_term_string}"},"query-input":{"@type":"PropertyValueSpecification","valueRequired":true,"valueName":"search_term_string"}}],"inLanguage":"de"},{"@type":"Organization","@id":"https:\/\/www.ia4sp.org\/de\/#organization","name":"International Association for SAP Partners e.V. (IA4SP)","url":"https:\/\/www.ia4sp.org\/de\/","logo":{"@type":"ImageObject","inLanguage":"de","@id":"https:\/\/www.ia4sp.org\/de\/#\/schema\/logo\/image\/","url":"https:\/\/www.ia4sp.org\/de\/wp-content\/uploads\/sites\/2\/2020\/07\/IA4SP-logo.jpg","contentUrl":"https:\/\/www.ia4sp.org\/de\/wp-content\/uploads\/sites\/2\/2020\/07\/IA4SP-logo.jpg","width":2258,"height":1412,"caption":"International Association for SAP Partners e.V. (IA4SP)"},"image":{"@id":"https:\/\/www.ia4sp.org\/de\/#\/schema\/logo\/image\/"},"sameAs":["https:\/\/x.com\/IA4SP","http:\/\/www.linkedin.com\/company\/ia4sp-e-v-","https:\/\/www.youtube.com\/channel\/UCgehKwoFClFFWS2IuVbdXdQ"]},{"@type":"Person","@id":"https:\/\/www.ia4sp.org\/de\/#\/schema\/person\/24df30de584db41c7f1c6b8fa1a19c66","name":"ia4spgradt","image":{"@type":"ImageObject","inLanguage":"de","@id":"https:\/\/secure.gravatar.com\/avatar\/c83aff16c8c8e4ae2e712653aba78ccac2978169de3a03e0bb8f762f576cb853?s=96&d=mm&r=g","url":"https:\/\/secure.gravatar.com\/avatar\/c83aff16c8c8e4ae2e712653aba78ccac2978169de3a03e0bb8f762f576cb853?s=96&d=mm&r=g","contentUrl":"https:\/\/secure.gravatar.com\/avatar\/c83aff16c8c8e4ae2e712653aba78ccac2978169de3a03e0bb8f762f576cb853?s=96&d=mm&r=g","caption":"ia4spgradt"}}]}},"_links":{"self":[{"href":"https:\/\/www.ia4sp.org\/de\/wp-json\/wp\/v2\/pages\/5893","targetHints":{"allow":["GET"]}}],"collection":[{"href":"https:\/\/www.ia4sp.org\/de\/wp-json\/wp\/v2\/pages"}],"about":[{"href":"https:\/\/www.ia4sp.org\/de\/wp-json\/wp\/v2\/types\/page"}],"author":[{"embeddable":true,"href":"https:\/\/www.ia4sp.org\/de\/wp-json\/wp\/v2\/users\/31"}],"replies":[{"embeddable":true,"href":"https:\/\/www.ia4sp.org\/de\/wp-json\/wp\/v2\/comments?post=5893"}],"version-history":[{"count":2,"href":"https:\/\/www.ia4sp.org\/de\/wp-json\/wp\/v2\/pages\/5893\/revisions"}],"predecessor-version":[{"id":5917,"href":"https:\/\/www.ia4sp.org\/de\/wp-json\/wp\/v2\/pages\/5893\/revisions\/5917"}],"wp:attachment":[{"href":"https:\/\/www.ia4sp.org\/de\/wp-json\/wp\/v2\/media?parent=5893"}],"curies":[{"name":"wp","href":"https:\/\/api.w.org\/{rel}","templated":true}]}}