{"id":5900,"date":"2025-11-30T21:42:38","date_gmt":"2025-11-30T20:42:38","guid":{"rendered":"https:\/\/www.ia4sp.org\/de\/?page_id=5900"},"modified":"2025-11-30T23:04:43","modified_gmt":"2025-11-30T22:04:43","slug":"about-ak","status":"publish","type":"page","link":"https:\/\/www.ia4sp.org\/de\/about-ak\/","title":{"rendered":"IA4SP Arbeitskreise"},"content":{"rendered":"<p>Arbeitskreise sind ein zentrales Element unseres Vereins. Sie bieten Mitgliedsunternehmen eine strukturierte Plattform f\u00fcr Austausch, Zusammenarbeit und Innovation. Der gr\u00f6\u00dfte Mehrwert liegt in der <strong>Vernetzung von Experten<\/strong>, die gemeinsam aktuelle Herausforderungen und Trends im SAP-\u00d6kosystem diskutieren.<\/p>\n<p>Die Arbeitskreise erm\u00f6glichen den <strong>Transfer von Wissen und Best Practices<\/strong>. Mitglieder bringen ihre Erfahrungen ein und erhalten Informationen, die f\u00fcr ihre Gesch\u00e4ftsentwicklung entscheidend sind. Dar\u00fcber hinaus f\u00f6rdern sie den <strong>Dialog mit SAP<\/strong>, indem sie Feedback b\u00fcndeln und gemeinsame Interessen vertreten.<\/p>\n<p>Ein weiterer Vorteil ist die <strong>Kooperation zwischen Partnern<\/strong>: Arbeitskreise schaffen Raum f\u00fcr Synergien, gemeinsame Projekte und Gesch\u00e4ftserfolg. So k\u00f6nnen kleinere Unternehmen ihre Position im Markt st\u00e4rken und schneller auf Ver\u00e4nderungen reagieren.<\/p>\n<p>Arbeitskreise sind ein Motor f\u00fcr <strong>Innovation, Orientierung und Partnerschaft<\/strong> \u2013 sie helfen Mitgliedern, Chancen zu erkennen, Risiken zu minimieren und die Zukunft der SAP-Community aktiv mitzugestalten.<\/p>\n<p>Aktuell gibt es bei der IA4SP folgende aktive Arbeitskreise:<\/p>\n<ul>\n<li><a href=\"https:\/\/www.ia4sp.org\/de\/ak-ressourcen\/\">Arbeitskreis Ressourcenmanagement<\/a><\/li>\n<li><a href=\"https:\/\/www.ia4sp.org\/de\/ak-sap-partneredge\/\">Arbeitskreis SAP PartnerEdge<\/a><\/li>\n<li><a href=\"https:\/\/www.ia4sp.org\/de\/ak-sap-archmgmt\/\">Arbeitskreis SAP Enterprise Architecture Management<\/a><\/li>\n<\/ul>\n","protected":false},"excerpt":{"rendered":"<p>Arbeitskreise sind ein zentrales Element unseres Vereins. Sie bieten Mitgliedsunternehmen eine strukturierte Plattform f\u00fcr Austausch, Zusammenarbeit und Innovation. Der gr\u00f6\u00dfte Mehrwert liegt in der Vernetzung von Experten, die gemeinsam aktuelle Herausforderungen und Trends im SAP-\u00d6kosystem diskutieren. Die Arbeitskreise erm\u00f6glichen den Transfer von Wissen und Best Practices. Mitglieder bringen ihre Erfahrungen ein und erhalten Informationen, die&#8230;  <a class=\"excerpt-read-more\" href=\"https:\/\/www.ia4sp.org\/de\/about-ak\/\" title=\"ReadIA4SP Arbeitskreise\">weiterlesen &raquo;<\/a><\/p>\n","protected":false},"author":31,"featured_media":0,"parent":0,"menu_order":0,"comment_status":"closed","ping_status":"closed","template":"","meta":{"_acf_changed":false,"content-type":"","footnotes":"","_links_to":"","_links_to_target":""},"class_list":["post-5900","page","type-page","status-publish","hentry"],"acf":[],"yoast_head":"<!-- This site is optimized with the Yoast SEO plugin v27.4 - https:\/\/yoast.com\/product\/yoast-seo-wordpress\/ -->\n<title>IA4SP Arbeitskreise - IA4SP<\/title>\n<meta name=\"robots\" content=\"index, follow, max-snippet:-1, max-image-preview:large, max-video-preview:-1\" \/>\n<link rel=\"canonical\" href=\"https:\/\/www.ia4sp.org\/de\/about-ak\/\" \/>\n<meta property=\"og:locale\" content=\"de_DE\" \/>\n<meta property=\"og:type\" content=\"article\" \/>\n<meta property=\"og:title\" content=\"IA4SP Arbeitskreise - IA4SP\" \/>\n<meta property=\"og:description\" content=\"Arbeitskreise sind ein zentrales Element unseres Vereins. Sie bieten Mitgliedsunternehmen eine strukturierte Plattform f\u00fcr Austausch, Zusammenarbeit und Innovation. Der gr\u00f6\u00dfte Mehrwert liegt in der Vernetzung von Experten, die gemeinsam aktuelle Herausforderungen und Trends im SAP-\u00d6kosystem diskutieren. Die Arbeitskreise erm\u00f6glichen den Transfer von Wissen und Best Practices. Mitglieder bringen ihre Erfahrungen ein und erhalten Informationen, die... weiterlesen &raquo;\" \/>\n<meta property=\"og:url\" content=\"https:\/\/www.ia4sp.org\/de\/about-ak\/\" \/>\n<meta property=\"og:site_name\" content=\"IA4SP\" \/>\n<meta property=\"article:modified_time\" content=\"2025-11-30T22:04:43+00:00\" \/>\n<meta name=\"twitter:card\" content=\"summary_large_image\" \/>\n<meta name=\"twitter:site\" content=\"@IA4SP\" \/>\n<meta name=\"twitter:label1\" content=\"Gesch\u00e4tzte Lesezeit\" \/>\n\t<meta name=\"twitter:data1\" content=\"1\u00a0Minute\" \/>\n<script type=\"application\/ld+json\" class=\"yoast-schema-graph\">{\"@context\":\"https:\\\/\\\/schema.org\",\"@graph\":[{\"@type\":\"WebPage\",\"@id\":\"https:\\\/\\\/www.ia4sp.org\\\/de\\\/about-ak\\\/\",\"url\":\"https:\\\/\\\/www.ia4sp.org\\\/de\\\/about-ak\\\/\",\"name\":\"IA4SP Arbeitskreise - IA4SP\",\"isPartOf\":{\"@id\":\"https:\\\/\\\/www.ia4sp.org\\\/de\\\/#website\"},\"datePublished\":\"2025-11-30T20:42:38+00:00\",\"dateModified\":\"2025-11-30T22:04:43+00:00\",\"breadcrumb\":{\"@id\":\"https:\\\/\\\/www.ia4sp.org\\\/de\\\/about-ak\\\/#breadcrumb\"},\"inLanguage\":\"de\",\"potentialAction\":[{\"@type\":\"ReadAction\",\"target\":[\"https:\\\/\\\/www.ia4sp.org\\\/de\\\/about-ak\\\/\"]}]},{\"@type\":\"BreadcrumbList\",\"@id\":\"https:\\\/\\\/www.ia4sp.org\\\/de\\\/about-ak\\\/#breadcrumb\",\"itemListElement\":[{\"@type\":\"ListItem\",\"position\":1,\"name\":\"Startseite\",\"item\":\"https:\\\/\\\/www.ia4sp.org\\\/de\\\/\"},{\"@type\":\"ListItem\",\"position\":2,\"name\":\"IA4SP Arbeitskreise\"}]},{\"@type\":\"WebSite\",\"@id\":\"https:\\\/\\\/www.ia4sp.org\\\/de\\\/#website\",\"url\":\"https:\\\/\\\/www.ia4sp.org\\\/de\\\/\",\"name\":\"IA4SP\",\"description\":\"International Association for SAP Partners e.V.\",\"publisher\":{\"@id\":\"https:\\\/\\\/www.ia4sp.org\\\/de\\\/#organization\"},\"potentialAction\":[{\"@type\":\"SearchAction\",\"target\":{\"@type\":\"EntryPoint\",\"urlTemplate\":\"https:\\\/\\\/www.ia4sp.org\\\/de\\\/?s={search_term_string}\"},\"query-input\":{\"@type\":\"PropertyValueSpecification\",\"valueRequired\":true,\"valueName\":\"search_term_string\"}}],\"inLanguage\":\"de\"},{\"@type\":\"Organization\",\"@id\":\"https:\\\/\\\/www.ia4sp.org\\\/de\\\/#organization\",\"name\":\"International Association for SAP Partners e.V. (IA4SP)\",\"url\":\"https:\\\/\\\/www.ia4sp.org\\\/de\\\/\",\"logo\":{\"@type\":\"ImageObject\",\"inLanguage\":\"de\",\"@id\":\"https:\\\/\\\/www.ia4sp.org\\\/de\\\/#\\\/schema\\\/logo\\\/image\\\/\",\"url\":\"https:\\\/\\\/www.ia4sp.org\\\/de\\\/wp-content\\\/uploads\\\/sites\\\/2\\\/2020\\\/07\\\/IA4SP-logo.jpg\",\"contentUrl\":\"https:\\\/\\\/www.ia4sp.org\\\/de\\\/wp-content\\\/uploads\\\/sites\\\/2\\\/2020\\\/07\\\/IA4SP-logo.jpg\",\"width\":2258,\"height\":1412,\"caption\":\"International Association for SAP Partners e.V. (IA4SP)\"},\"image\":{\"@id\":\"https:\\\/\\\/www.ia4sp.org\\\/de\\\/#\\\/schema\\\/logo\\\/image\\\/\"},\"sameAs\":[\"https:\\\/\\\/x.com\\\/IA4SP\",\"http:\\\/\\\/www.linkedin.com\\\/company\\\/ia4sp-e-v-\",\"https:\\\/\\\/www.youtube.com\\\/channel\\\/UCgehKwoFClFFWS2IuVbdXdQ\"]}]}<\/script>\n<!-- \/ Yoast SEO plugin. -->","yoast_head_json":{"title":"IA4SP Arbeitskreise - IA4SP","robots":{"index":"index","follow":"follow","max-snippet":"max-snippet:-1","max-image-preview":"max-image-preview:large","max-video-preview":"max-video-preview:-1"},"canonical":"https:\/\/www.ia4sp.org\/de\/about-ak\/","og_locale":"de_DE","og_type":"article","og_title":"IA4SP Arbeitskreise - IA4SP","og_description":"Arbeitskreise sind ein zentrales Element unseres Vereins. Sie bieten Mitgliedsunternehmen eine strukturierte Plattform f\u00fcr Austausch, Zusammenarbeit und Innovation. Der gr\u00f6\u00dfte Mehrwert liegt in der Vernetzung von Experten, die gemeinsam aktuelle Herausforderungen und Trends im SAP-\u00d6kosystem diskutieren. Die Arbeitskreise erm\u00f6glichen den Transfer von Wissen und Best Practices. Mitglieder bringen ihre Erfahrungen ein und erhalten Informationen, die... weiterlesen &raquo;","og_url":"https:\/\/www.ia4sp.org\/de\/about-ak\/","og_site_name":"IA4SP","article_modified_time":"2025-11-30T22:04:43+00:00","twitter_card":"summary_large_image","twitter_site":"@IA4SP","twitter_misc":{"Gesch\u00e4tzte Lesezeit":"1\u00a0Minute"},"schema":{"@context":"https:\/\/schema.org","@graph":[{"@type":"WebPage","@id":"https:\/\/www.ia4sp.org\/de\/about-ak\/","url":"https:\/\/www.ia4sp.org\/de\/about-ak\/","name":"IA4SP Arbeitskreise - IA4SP","isPartOf":{"@id":"https:\/\/www.ia4sp.org\/de\/#website"},"datePublished":"2025-11-30T20:42:38+00:00","dateModified":"2025-11-30T22:04:43+00:00","breadcrumb":{"@id":"https:\/\/www.ia4sp.org\/de\/about-ak\/#breadcrumb"},"inLanguage":"de","potentialAction":[{"@type":"ReadAction","target":["https:\/\/www.ia4sp.org\/de\/about-ak\/"]}]},{"@type":"BreadcrumbList","@id":"https:\/\/www.ia4sp.org\/de\/about-ak\/#breadcrumb","itemListElement":[{"@type":"ListItem","position":1,"name":"Startseite","item":"https:\/\/www.ia4sp.org\/de\/"},{"@type":"ListItem","position":2,"name":"IA4SP Arbeitskreise"}]},{"@type":"WebSite","@id":"https:\/\/www.ia4sp.org\/de\/#website","url":"https:\/\/www.ia4sp.org\/de\/","name":"IA4SP","description":"International Association for SAP Partners e.V.","publisher":{"@id":"https:\/\/www.ia4sp.org\/de\/#organization"},"potentialAction":[{"@type":"SearchAction","target":{"@type":"EntryPoint","urlTemplate":"https:\/\/www.ia4sp.org\/de\/?s={search_term_string}"},"query-input":{"@type":"PropertyValueSpecification","valueRequired":true,"valueName":"search_term_string"}}],"inLanguage":"de"},{"@type":"Organization","@id":"https:\/\/www.ia4sp.org\/de\/#organization","name":"International Association for SAP Partners e.V. (IA4SP)","url":"https:\/\/www.ia4sp.org\/de\/","logo":{"@type":"ImageObject","inLanguage":"de","@id":"https:\/\/www.ia4sp.org\/de\/#\/schema\/logo\/image\/","url":"https:\/\/www.ia4sp.org\/de\/wp-content\/uploads\/sites\/2\/2020\/07\/IA4SP-logo.jpg","contentUrl":"https:\/\/www.ia4sp.org\/de\/wp-content\/uploads\/sites\/2\/2020\/07\/IA4SP-logo.jpg","width":2258,"height":1412,"caption":"International Association for SAP Partners e.V. (IA4SP)"},"image":{"@id":"https:\/\/www.ia4sp.org\/de\/#\/schema\/logo\/image\/"},"sameAs":["https:\/\/x.com\/IA4SP","http:\/\/www.linkedin.com\/company\/ia4sp-e-v-","https:\/\/www.youtube.com\/channel\/UCgehKwoFClFFWS2IuVbdXdQ"]}]}},"_links":{"self":[{"href":"https:\/\/www.ia4sp.org\/de\/wp-json\/wp\/v2\/pages\/5900","targetHints":{"allow":["GET"]}}],"collection":[{"href":"https:\/\/www.ia4sp.org\/de\/wp-json\/wp\/v2\/pages"}],"about":[{"href":"https:\/\/www.ia4sp.org\/de\/wp-json\/wp\/v2\/types\/page"}],"author":[{"embeddable":true,"href":"https:\/\/www.ia4sp.org\/de\/wp-json\/wp\/v2\/users\/31"}],"replies":[{"embeddable":true,"href":"https:\/\/www.ia4sp.org\/de\/wp-json\/wp\/v2\/comments?post=5900"}],"version-history":[{"count":5,"href":"https:\/\/www.ia4sp.org\/de\/wp-json\/wp\/v2\/pages\/5900\/revisions"}],"predecessor-version":[{"id":5916,"href":"https:\/\/www.ia4sp.org\/de\/wp-json\/wp\/v2\/pages\/5900\/revisions\/5916"}],"wp:attachment":[{"href":"https:\/\/www.ia4sp.org\/de\/wp-json\/wp\/v2\/media?parent=5900"}],"curies":[{"name":"wp","href":"https:\/\/api.w.org\/{rel}","templated":true}]}}