{"id":5918,"date":"2025-12-07T23:19:32","date_gmt":"2025-12-07T22:19:32","guid":{"rendered":"https:\/\/www.ia4sp.org\/de\/?page_id=5918"},"modified":"2025-12-07T23:19:32","modified_gmt":"2025-12-07T22:19:32","slug":"fridays-pitch-connect","status":"publish","type":"page","link":"https:\/\/www.ia4sp.org\/de\/fridays-pitch-connect\/","title":{"rendered":"Fridays Pitch &#038; Connect"},"content":{"rendered":"<div>\n<p>IA4SP Friday\u2019s Pitch &amp; Connect ist das kompakte Networking-Format f\u00fcr alle unsere Mitglieder. In nur 10 Minuten stellen sich Mitgliedsunternehmen mit einem kurzen Elevator-Pitch vor. Ziel: Kooperationen f\u00f6rdern, Synergien entdecken und das SAP-\u00d6kosystem st\u00e4rken.<\/p>\n<p><strong>Wann?<\/strong><\/p>\n<p>Jeden Freitag. 09:45 \u2013 09:55 Uhr. Online.<\/p>\n<p><strong>Warum?<\/strong><\/p>\n<ul>\n<li>Lernen Sie andere SAP-Partner kennen und erweitern Sie Ihr Netzwerk.<\/li>\n<li>Finden Sie Partner f\u00fcr gemeinsame Projekte oder erg\u00e4nzende Expertise.<\/li>\n<li>Erhalten Sie Einblicke in innovative L\u00f6sungen und Trends im SAP-Umfeld.<\/li>\n<\/ul>\n<p><strong>F\u00fcr wen?<\/strong><\/p>\n<p>F\u00fcr alle IA4SP-Mitglieder, die ihr Unternehmen sichtbar machen, neue Gesch\u00e4ftsm\u00f6glichkeiten entdecken und aktiv am SAP-Partnernetzwerk teilnehmen m\u00f6chten.<\/p>\n<p>&nbsp;<\/p>\n<p>Wie alles lebt auch dieses Format von unseren Mitgliedern. Wenn Sie Ihr Unternehmen einmal den anderen Partnern vorstellen wollen, tragen Sie sich hier ein:<\/p>\n<\/div>\n\n\t\t\t\t\t\t<script>\n\t\t\t\t\t\t\twindow.hsFormsOnReady = window.hsFormsOnReady || [];\n\t\t\t\t\t\t\twindow.hsFormsOnReady.push(()=>{\n\t\t\t\t\t\t\t\thbspt.forms.create({\n\t\t\t\t\t\t\t\t\tportalId: 26785333,\n\t\t\t\t\t\t\t\t\tformId: \"43be0942-f031-4e45-986f-89bde35130ef\",\n\t\t\t\t\t\t\t\t\ttarget: \"#hbspt-form-1777806544000-9840011399\",\n\t\t\t\t\t\t\t\t\tregion: \"eu1\",\n\t\t\t\t\t\t\t\t\t\n\t\t\t\t\t\t\t})});\n\t\t\t\t\t\t<\/script>\n\t\t\t\t\t\t<div class=\"hbspt-form\" id=\"hbspt-form-1777806544000-9840011399\"><\/div>\n<p>Verantwortlicher Ansprechpartner: Florian Cordes<\/p>\n","protected":false},"excerpt":{"rendered":"<p>IA4SP Friday\u2019s Pitch &amp; Connect ist das kompakte Networking-Format f\u00fcr alle unsere Mitglieder. In nur 10 Minuten stellen sich Mitgliedsunternehmen mit einem kurzen Elevator-Pitch vor. Ziel: Kooperationen f\u00f6rdern, Synergien entdecken und das SAP-\u00d6kosystem st\u00e4rken. Wann? Jeden Freitag. 09:45 \u2013 09:55 Uhr. Online. Warum? Lernen Sie andere SAP-Partner kennen und erweitern Sie Ihr Netzwerk. Finden Sie&#8230;  <a class=\"excerpt-read-more\" href=\"https:\/\/www.ia4sp.org\/de\/fridays-pitch-connect\/\" title=\"ReadFridays Pitch &#038; Connect\">weiterlesen &raquo;<\/a><\/p>\n","protected":false},"author":31,"featured_media":0,"parent":0,"menu_order":0,"comment_status":"closed","ping_status":"closed","template":"","meta":{"_acf_changed":false,"content-type":"","footnotes":"","_links_to":"","_links_to_target":""},"class_list":["post-5918","page","type-page","status-publish","hentry"],"acf":[],"yoast_head":"<!-- This site is optimized with the Yoast SEO plugin v27.4 - https:\/\/yoast.com\/product\/yoast-seo-wordpress\/ -->\n<title>Fridays Pitch &amp; Connect - IA4SP<\/title>\n<meta name=\"robots\" content=\"index, follow, max-snippet:-1, max-image-preview:large, max-video-preview:-1\" \/>\n<link rel=\"canonical\" href=\"https:\/\/www.ia4sp.org\/de\/fridays-pitch-connect\/\" \/>\n<meta property=\"og:locale\" content=\"de_DE\" \/>\n<meta property=\"og:type\" content=\"article\" \/>\n<meta property=\"og:title\" content=\"Fridays Pitch &amp; Connect - IA4SP\" \/>\n<meta property=\"og:description\" content=\"IA4SP Friday\u2019s Pitch &amp; Connect ist das kompakte Networking-Format f\u00fcr alle unsere Mitglieder. In nur 10 Minuten stellen sich Mitgliedsunternehmen mit einem kurzen Elevator-Pitch vor. Ziel: Kooperationen f\u00f6rdern, Synergien entdecken und das SAP-\u00d6kosystem st\u00e4rken. Wann? Jeden Freitag. 09:45 \u2013 09:55 Uhr. Online. Warum? Lernen Sie andere SAP-Partner kennen und erweitern Sie Ihr Netzwerk. Finden Sie... weiterlesen &raquo;\" \/>\n<meta property=\"og:url\" content=\"https:\/\/www.ia4sp.org\/de\/fridays-pitch-connect\/\" \/>\n<meta property=\"og:site_name\" content=\"IA4SP\" \/>\n<meta name=\"twitter:card\" content=\"summary_large_image\" \/>\n<meta name=\"twitter:site\" content=\"@IA4SP\" \/>\n<meta name=\"twitter:label1\" content=\"Gesch\u00e4tzte Lesezeit\" \/>\n\t<meta name=\"twitter:data1\" content=\"1\u00a0Minute\" \/>\n<script type=\"application\/ld+json\" class=\"yoast-schema-graph\">{\"@context\":\"https:\\\/\\\/schema.org\",\"@graph\":[{\"@type\":\"WebPage\",\"@id\":\"https:\\\/\\\/www.ia4sp.org\\\/de\\\/fridays-pitch-connect\\\/\",\"url\":\"https:\\\/\\\/www.ia4sp.org\\\/de\\\/fridays-pitch-connect\\\/\",\"name\":\"Fridays Pitch & Connect - IA4SP\",\"isPartOf\":{\"@id\":\"https:\\\/\\\/www.ia4sp.org\\\/de\\\/#website\"},\"datePublished\":\"2025-12-07T22:19:32+00:00\",\"breadcrumb\":{\"@id\":\"https:\\\/\\\/www.ia4sp.org\\\/de\\\/fridays-pitch-connect\\\/#breadcrumb\"},\"inLanguage\":\"de\",\"potentialAction\":[{\"@type\":\"ReadAction\",\"target\":[\"https:\\\/\\\/www.ia4sp.org\\\/de\\\/fridays-pitch-connect\\\/\"]}]},{\"@type\":\"BreadcrumbList\",\"@id\":\"https:\\\/\\\/www.ia4sp.org\\\/de\\\/fridays-pitch-connect\\\/#breadcrumb\",\"itemListElement\":[{\"@type\":\"ListItem\",\"position\":1,\"name\":\"Startseite\",\"item\":\"https:\\\/\\\/www.ia4sp.org\\\/de\\\/\"},{\"@type\":\"ListItem\",\"position\":2,\"name\":\"Fridays Pitch &#038; Connect\"}]},{\"@type\":\"WebSite\",\"@id\":\"https:\\\/\\\/www.ia4sp.org\\\/de\\\/#website\",\"url\":\"https:\\\/\\\/www.ia4sp.org\\\/de\\\/\",\"name\":\"IA4SP\",\"description\":\"International Association for SAP Partners e.V.\",\"publisher\":{\"@id\":\"https:\\\/\\\/www.ia4sp.org\\\/de\\\/#organization\"},\"potentialAction\":[{\"@type\":\"SearchAction\",\"target\":{\"@type\":\"EntryPoint\",\"urlTemplate\":\"https:\\\/\\\/www.ia4sp.org\\\/de\\\/?s={search_term_string}\"},\"query-input\":{\"@type\":\"PropertyValueSpecification\",\"valueRequired\":true,\"valueName\":\"search_term_string\"}}],\"inLanguage\":\"de\"},{\"@type\":\"Organization\",\"@id\":\"https:\\\/\\\/www.ia4sp.org\\\/de\\\/#organization\",\"name\":\"International Association for SAP Partners e.V. (IA4SP)\",\"url\":\"https:\\\/\\\/www.ia4sp.org\\\/de\\\/\",\"logo\":{\"@type\":\"ImageObject\",\"inLanguage\":\"de\",\"@id\":\"https:\\\/\\\/www.ia4sp.org\\\/de\\\/#\\\/schema\\\/logo\\\/image\\\/\",\"url\":\"https:\\\/\\\/www.ia4sp.org\\\/de\\\/wp-content\\\/uploads\\\/sites\\\/2\\\/2020\\\/07\\\/IA4SP-logo.jpg\",\"contentUrl\":\"https:\\\/\\\/www.ia4sp.org\\\/de\\\/wp-content\\\/uploads\\\/sites\\\/2\\\/2020\\\/07\\\/IA4SP-logo.jpg\",\"width\":2258,\"height\":1412,\"caption\":\"International Association for SAP Partners e.V. (IA4SP)\"},\"image\":{\"@id\":\"https:\\\/\\\/www.ia4sp.org\\\/de\\\/#\\\/schema\\\/logo\\\/image\\\/\"},\"sameAs\":[\"https:\\\/\\\/x.com\\\/IA4SP\",\"http:\\\/\\\/www.linkedin.com\\\/company\\\/ia4sp-e-v-\",\"https:\\\/\\\/www.youtube.com\\\/channel\\\/UCgehKwoFClFFWS2IuVbdXdQ\"]}]}<\/script>\n<!-- \/ Yoast SEO plugin. -->","yoast_head_json":{"title":"Fridays Pitch & Connect - IA4SP","robots":{"index":"index","follow":"follow","max-snippet":"max-snippet:-1","max-image-preview":"max-image-preview:large","max-video-preview":"max-video-preview:-1"},"canonical":"https:\/\/www.ia4sp.org\/de\/fridays-pitch-connect\/","og_locale":"de_DE","og_type":"article","og_title":"Fridays Pitch & Connect - IA4SP","og_description":"IA4SP Friday\u2019s Pitch &amp; Connect ist das kompakte Networking-Format f\u00fcr alle unsere Mitglieder. In nur 10 Minuten stellen sich Mitgliedsunternehmen mit einem kurzen Elevator-Pitch vor. Ziel: Kooperationen f\u00f6rdern, Synergien entdecken und das SAP-\u00d6kosystem st\u00e4rken. Wann? Jeden Freitag. 09:45 \u2013 09:55 Uhr. Online. Warum? Lernen Sie andere SAP-Partner kennen und erweitern Sie Ihr Netzwerk. Finden Sie... weiterlesen &raquo;","og_url":"https:\/\/www.ia4sp.org\/de\/fridays-pitch-connect\/","og_site_name":"IA4SP","twitter_card":"summary_large_image","twitter_site":"@IA4SP","twitter_misc":{"Gesch\u00e4tzte Lesezeit":"1\u00a0Minute"},"schema":{"@context":"https:\/\/schema.org","@graph":[{"@type":"WebPage","@id":"https:\/\/www.ia4sp.org\/de\/fridays-pitch-connect\/","url":"https:\/\/www.ia4sp.org\/de\/fridays-pitch-connect\/","name":"Fridays Pitch & Connect - IA4SP","isPartOf":{"@id":"https:\/\/www.ia4sp.org\/de\/#website"},"datePublished":"2025-12-07T22:19:32+00:00","breadcrumb":{"@id":"https:\/\/www.ia4sp.org\/de\/fridays-pitch-connect\/#breadcrumb"},"inLanguage":"de","potentialAction":[{"@type":"ReadAction","target":["https:\/\/www.ia4sp.org\/de\/fridays-pitch-connect\/"]}]},{"@type":"BreadcrumbList","@id":"https:\/\/www.ia4sp.org\/de\/fridays-pitch-connect\/#breadcrumb","itemListElement":[{"@type":"ListItem","position":1,"name":"Startseite","item":"https:\/\/www.ia4sp.org\/de\/"},{"@type":"ListItem","position":2,"name":"Fridays Pitch &#038; Connect"}]},{"@type":"WebSite","@id":"https:\/\/www.ia4sp.org\/de\/#website","url":"https:\/\/www.ia4sp.org\/de\/","name":"IA4SP","description":"International Association for SAP Partners e.V.","publisher":{"@id":"https:\/\/www.ia4sp.org\/de\/#organization"},"potentialAction":[{"@type":"SearchAction","target":{"@type":"EntryPoint","urlTemplate":"https:\/\/www.ia4sp.org\/de\/?s={search_term_string}"},"query-input":{"@type":"PropertyValueSpecification","valueRequired":true,"valueName":"search_term_string"}}],"inLanguage":"de"},{"@type":"Organization","@id":"https:\/\/www.ia4sp.org\/de\/#organization","name":"International Association for SAP Partners e.V. (IA4SP)","url":"https:\/\/www.ia4sp.org\/de\/","logo":{"@type":"ImageObject","inLanguage":"de","@id":"https:\/\/www.ia4sp.org\/de\/#\/schema\/logo\/image\/","url":"https:\/\/www.ia4sp.org\/de\/wp-content\/uploads\/sites\/2\/2020\/07\/IA4SP-logo.jpg","contentUrl":"https:\/\/www.ia4sp.org\/de\/wp-content\/uploads\/sites\/2\/2020\/07\/IA4SP-logo.jpg","width":2258,"height":1412,"caption":"International Association for SAP Partners e.V. (IA4SP)"},"image":{"@id":"https:\/\/www.ia4sp.org\/de\/#\/schema\/logo\/image\/"},"sameAs":["https:\/\/x.com\/IA4SP","http:\/\/www.linkedin.com\/company\/ia4sp-e-v-","https:\/\/www.youtube.com\/channel\/UCgehKwoFClFFWS2IuVbdXdQ"]}]}},"_links":{"self":[{"href":"https:\/\/www.ia4sp.org\/de\/wp-json\/wp\/v2\/pages\/5918","targetHints":{"allow":["GET"]}}],"collection":[{"href":"https:\/\/www.ia4sp.org\/de\/wp-json\/wp\/v2\/pages"}],"about":[{"href":"https:\/\/www.ia4sp.org\/de\/wp-json\/wp\/v2\/types\/page"}],"author":[{"embeddable":true,"href":"https:\/\/www.ia4sp.org\/de\/wp-json\/wp\/v2\/users\/31"}],"replies":[{"embeddable":true,"href":"https:\/\/www.ia4sp.org\/de\/wp-json\/wp\/v2\/comments?post=5918"}],"version-history":[{"count":2,"href":"https:\/\/www.ia4sp.org\/de\/wp-json\/wp\/v2\/pages\/5918\/revisions"}],"predecessor-version":[{"id":5921,"href":"https:\/\/www.ia4sp.org\/de\/wp-json\/wp\/v2\/pages\/5918\/revisions\/5921"}],"wp:attachment":[{"href":"https:\/\/www.ia4sp.org\/de\/wp-json\/wp\/v2\/media?parent=5918"}],"curies":[{"name":"wp","href":"https:\/\/api.w.org\/{rel}","templated":true}]}}