{"id":663,"date":"2014-08-29T12:00:14","date_gmt":"2014-08-29T10:00:14","guid":{"rendered":"http:\/\/www.ia4sp.org\/de\/?page_id=663"},"modified":"2025-11-30T20:44:22","modified_gmt":"2025-11-30T19:44:22","slug":"aktuelle-angebote","status":"publish","type":"page","link":"https:\/\/www.ia4sp.org\/de\/aktuelle-angebote\/","title":{"rendered":"Aktuelle Angebote"},"content":{"rendered":"<h2>Sonderkonditionen f\u00fcr IA4SP Mitglieder<\/h2>\n<p><img decoding=\"async\" src=\"\/de\/wp-content\/media\/img\/home\/aktuelle-angebote.jpg\" alt=\"Aktuelle Angebote\" class=\"tb right\">Der Online &#8211; Marktplatz <a href=\"http:\/\/www.apps4erp.de\" target=\"_blank\">apps4erp.de<\/a> bietet eine breite Vielfalt an SAP-Zusatzl\u00f6sungen aus dem Partnerumfeld und f\u00fchrt Anbieter und Suchende zusammen. So k\u00f6nnen Anbieter ihre Apps hierdurch einem gro\u00dfen Interessentenkreis zug\u00e4nglich machen.<\/p>\n<p>Durch flankierende regelm\u00e4\u00dfige Zielgruppenmarketing &#8211; Aktionen k\u00f6nnen \u00fcber die Pr\u00e4senz im Portal hinaus wichtige, auch internationale Verkaufskan\u00e4le hinzugewonnen werden. Dies ist gerade f\u00fcr kleinere L\u00f6sungsanbieter interessant, die in der Regel keine gr\u00f6\u00dfere Vertriebspower besitzen.<\/p>\n<p>Die Konditionen der apps4erp GmbH gestalten sich nach der Anzahl der eingestellten Apps und der Vertragslaufzeit.<\/p>\n<p>Interessenten <a href=\"http:\/\/apps4erp.de\/img\/cms\/PDFs\/Bestellformular_1-0-9-p_multilanguage.pdf\" class=\"pdf extern\" target=\"_blank\">registrieren sich hier<\/a> und beauftragen mit dem Bestellformular die Einstellung ihrer Apps in die Add-on-Bibliothek.<\/p>\n","protected":false},"excerpt":{"rendered":"<p>Sonderkonditionen f\u00fcr IA4SP Mitglieder Der Online &#8211; Marktplatz apps4erp.de bietet eine breite Vielfalt an SAP-Zusatzl\u00f6sungen aus dem Partnerumfeld und f\u00fchrt Anbieter und Suchende zusammen. So k\u00f6nnen Anbieter ihre Apps hierdurch einem gro\u00dfen Interessentenkreis zug\u00e4nglich machen. Durch flankierende regelm\u00e4\u00dfige Zielgruppenmarketing &#8211; Aktionen k\u00f6nnen \u00fcber die Pr\u00e4senz im Portal hinaus wichtige, auch internationale Verkaufskan\u00e4le hinzugewonnen werden. Dies&#8230;  <a class=\"excerpt-read-more\" href=\"https:\/\/www.ia4sp.org\/de\/aktuelle-angebote\/\" title=\"ReadAktuelle Angebote\">weiterlesen &raquo;<\/a><\/p>\n","protected":false},"author":31,"featured_media":0,"parent":0,"menu_order":0,"comment_status":"closed","ping_status":"closed","template":"","meta":{"_acf_changed":false,"content-type":"","footnotes":"","_links_to":"","_links_to_target":""},"class_list":["post-663","page","type-page","status-publish","hentry"],"acf":[],"yoast_head":"<!-- This site is optimized with the Yoast SEO plugin v27.4 - https:\/\/yoast.com\/product\/yoast-seo-wordpress\/ -->\n<title>Aktuelle Angebote - IA4SP<\/title>\n<meta name=\"robots\" content=\"index, follow, max-snippet:-1, max-image-preview:large, max-video-preview:-1\" \/>\n<link rel=\"canonical\" href=\"https:\/\/www.ia4sp.org\/de\/aktuelle-angebote\/\" \/>\n<meta property=\"og:locale\" content=\"de_DE\" \/>\n<meta property=\"og:type\" content=\"article\" \/>\n<meta property=\"og:title\" content=\"Aktuelle Angebote - IA4SP\" \/>\n<meta property=\"og:description\" content=\"Sonderkonditionen f\u00fcr IA4SP Mitglieder Der Online &#8211; Marktplatz apps4erp.de bietet eine breite Vielfalt an SAP-Zusatzl\u00f6sungen aus dem Partnerumfeld und f\u00fchrt Anbieter und Suchende zusammen. So k\u00f6nnen Anbieter ihre Apps hierdurch einem gro\u00dfen Interessentenkreis zug\u00e4nglich machen. Durch flankierende regelm\u00e4\u00dfige Zielgruppenmarketing &#8211; Aktionen k\u00f6nnen \u00fcber die Pr\u00e4senz im Portal hinaus wichtige, auch internationale Verkaufskan\u00e4le hinzugewonnen werden. Dies... weiterlesen &raquo;\" \/>\n<meta property=\"og:url\" content=\"https:\/\/www.ia4sp.org\/de\/aktuelle-angebote\/\" \/>\n<meta property=\"og:site_name\" content=\"IA4SP\" \/>\n<meta property=\"article:modified_time\" content=\"2025-11-30T19:44:22+00:00\" \/>\n<meta name=\"twitter:card\" content=\"summary_large_image\" \/>\n<meta name=\"twitter:site\" content=\"@IA4SP\" \/>\n<meta name=\"twitter:label1\" content=\"Gesch\u00e4tzte Lesezeit\" \/>\n\t<meta name=\"twitter:data1\" content=\"1\u00a0Minute\" \/>\n<script type=\"application\/ld+json\" class=\"yoast-schema-graph\">{\"@context\":\"https:\\\/\\\/schema.org\",\"@graph\":[{\"@type\":\"WebPage\",\"@id\":\"https:\\\/\\\/www.ia4sp.org\\\/de\\\/aktuelle-angebote\\\/\",\"url\":\"https:\\\/\\\/www.ia4sp.org\\\/de\\\/aktuelle-angebote\\\/\",\"name\":\"Aktuelle Angebote - IA4SP\",\"isPartOf\":{\"@id\":\"https:\\\/\\\/www.ia4sp.org\\\/de\\\/#website\"},\"datePublished\":\"2014-08-29T10:00:14+00:00\",\"dateModified\":\"2025-11-30T19:44:22+00:00\",\"breadcrumb\":{\"@id\":\"https:\\\/\\\/www.ia4sp.org\\\/de\\\/aktuelle-angebote\\\/#breadcrumb\"},\"inLanguage\":\"de\",\"potentialAction\":[{\"@type\":\"ReadAction\",\"target\":[\"https:\\\/\\\/www.ia4sp.org\\\/de\\\/aktuelle-angebote\\\/\"]}]},{\"@type\":\"BreadcrumbList\",\"@id\":\"https:\\\/\\\/www.ia4sp.org\\\/de\\\/aktuelle-angebote\\\/#breadcrumb\",\"itemListElement\":[{\"@type\":\"ListItem\",\"position\":1,\"name\":\"Startseite\",\"item\":\"https:\\\/\\\/www.ia4sp.org\\\/de\\\/\"},{\"@type\":\"ListItem\",\"position\":2,\"name\":\"Aktuelle Angebote\"}]},{\"@type\":\"WebSite\",\"@id\":\"https:\\\/\\\/www.ia4sp.org\\\/de\\\/#website\",\"url\":\"https:\\\/\\\/www.ia4sp.org\\\/de\\\/\",\"name\":\"IA4SP\",\"description\":\"International Association for SAP Partners e.V.\",\"publisher\":{\"@id\":\"https:\\\/\\\/www.ia4sp.org\\\/de\\\/#organization\"},\"potentialAction\":[{\"@type\":\"SearchAction\",\"target\":{\"@type\":\"EntryPoint\",\"urlTemplate\":\"https:\\\/\\\/www.ia4sp.org\\\/de\\\/?s={search_term_string}\"},\"query-input\":{\"@type\":\"PropertyValueSpecification\",\"valueRequired\":true,\"valueName\":\"search_term_string\"}}],\"inLanguage\":\"de\"},{\"@type\":\"Organization\",\"@id\":\"https:\\\/\\\/www.ia4sp.org\\\/de\\\/#organization\",\"name\":\"International Association for SAP Partners e.V. (IA4SP)\",\"url\":\"https:\\\/\\\/www.ia4sp.org\\\/de\\\/\",\"logo\":{\"@type\":\"ImageObject\",\"inLanguage\":\"de\",\"@id\":\"https:\\\/\\\/www.ia4sp.org\\\/de\\\/#\\\/schema\\\/logo\\\/image\\\/\",\"url\":\"https:\\\/\\\/www.ia4sp.org\\\/de\\\/wp-content\\\/uploads\\\/sites\\\/2\\\/2020\\\/07\\\/IA4SP-logo.jpg\",\"contentUrl\":\"https:\\\/\\\/www.ia4sp.org\\\/de\\\/wp-content\\\/uploads\\\/sites\\\/2\\\/2020\\\/07\\\/IA4SP-logo.jpg\",\"width\":2258,\"height\":1412,\"caption\":\"International Association for SAP Partners e.V. (IA4SP)\"},\"image\":{\"@id\":\"https:\\\/\\\/www.ia4sp.org\\\/de\\\/#\\\/schema\\\/logo\\\/image\\\/\"},\"sameAs\":[\"https:\\\/\\\/x.com\\\/IA4SP\",\"http:\\\/\\\/www.linkedin.com\\\/company\\\/ia4sp-e-v-\",\"https:\\\/\\\/www.youtube.com\\\/channel\\\/UCgehKwoFClFFWS2IuVbdXdQ\"]}]}<\/script>\n<!-- \/ Yoast SEO plugin. -->","yoast_head_json":{"title":"Aktuelle Angebote - IA4SP","robots":{"index":"index","follow":"follow","max-snippet":"max-snippet:-1","max-image-preview":"max-image-preview:large","max-video-preview":"max-video-preview:-1"},"canonical":"https:\/\/www.ia4sp.org\/de\/aktuelle-angebote\/","og_locale":"de_DE","og_type":"article","og_title":"Aktuelle Angebote - IA4SP","og_description":"Sonderkonditionen f\u00fcr IA4SP Mitglieder Der Online &#8211; Marktplatz apps4erp.de bietet eine breite Vielfalt an SAP-Zusatzl\u00f6sungen aus dem Partnerumfeld und f\u00fchrt Anbieter und Suchende zusammen. So k\u00f6nnen Anbieter ihre Apps hierdurch einem gro\u00dfen Interessentenkreis zug\u00e4nglich machen. Durch flankierende regelm\u00e4\u00dfige Zielgruppenmarketing &#8211; Aktionen k\u00f6nnen \u00fcber die Pr\u00e4senz im Portal hinaus wichtige, auch internationale Verkaufskan\u00e4le hinzugewonnen werden. Dies... weiterlesen &raquo;","og_url":"https:\/\/www.ia4sp.org\/de\/aktuelle-angebote\/","og_site_name":"IA4SP","article_modified_time":"2025-11-30T19:44:22+00:00","twitter_card":"summary_large_image","twitter_site":"@IA4SP","twitter_misc":{"Gesch\u00e4tzte Lesezeit":"1\u00a0Minute"},"schema":{"@context":"https:\/\/schema.org","@graph":[{"@type":"WebPage","@id":"https:\/\/www.ia4sp.org\/de\/aktuelle-angebote\/","url":"https:\/\/www.ia4sp.org\/de\/aktuelle-angebote\/","name":"Aktuelle Angebote - IA4SP","isPartOf":{"@id":"https:\/\/www.ia4sp.org\/de\/#website"},"datePublished":"2014-08-29T10:00:14+00:00","dateModified":"2025-11-30T19:44:22+00:00","breadcrumb":{"@id":"https:\/\/www.ia4sp.org\/de\/aktuelle-angebote\/#breadcrumb"},"inLanguage":"de","potentialAction":[{"@type":"ReadAction","target":["https:\/\/www.ia4sp.org\/de\/aktuelle-angebote\/"]}]},{"@type":"BreadcrumbList","@id":"https:\/\/www.ia4sp.org\/de\/aktuelle-angebote\/#breadcrumb","itemListElement":[{"@type":"ListItem","position":1,"name":"Startseite","item":"https:\/\/www.ia4sp.org\/de\/"},{"@type":"ListItem","position":2,"name":"Aktuelle Angebote"}]},{"@type":"WebSite","@id":"https:\/\/www.ia4sp.org\/de\/#website","url":"https:\/\/www.ia4sp.org\/de\/","name":"IA4SP","description":"International Association for SAP Partners e.V.","publisher":{"@id":"https:\/\/www.ia4sp.org\/de\/#organization"},"potentialAction":[{"@type":"SearchAction","target":{"@type":"EntryPoint","urlTemplate":"https:\/\/www.ia4sp.org\/de\/?s={search_term_string}"},"query-input":{"@type":"PropertyValueSpecification","valueRequired":true,"valueName":"search_term_string"}}],"inLanguage":"de"},{"@type":"Organization","@id":"https:\/\/www.ia4sp.org\/de\/#organization","name":"International Association for SAP Partners e.V. (IA4SP)","url":"https:\/\/www.ia4sp.org\/de\/","logo":{"@type":"ImageObject","inLanguage":"de","@id":"https:\/\/www.ia4sp.org\/de\/#\/schema\/logo\/image\/","url":"https:\/\/www.ia4sp.org\/de\/wp-content\/uploads\/sites\/2\/2020\/07\/IA4SP-logo.jpg","contentUrl":"https:\/\/www.ia4sp.org\/de\/wp-content\/uploads\/sites\/2\/2020\/07\/IA4SP-logo.jpg","width":2258,"height":1412,"caption":"International Association for SAP Partners e.V. (IA4SP)"},"image":{"@id":"https:\/\/www.ia4sp.org\/de\/#\/schema\/logo\/image\/"},"sameAs":["https:\/\/x.com\/IA4SP","http:\/\/www.linkedin.com\/company\/ia4sp-e-v-","https:\/\/www.youtube.com\/channel\/UCgehKwoFClFFWS2IuVbdXdQ"]}]}},"_links":{"self":[{"href":"https:\/\/www.ia4sp.org\/de\/wp-json\/wp\/v2\/pages\/663","targetHints":{"allow":["GET"]}}],"collection":[{"href":"https:\/\/www.ia4sp.org\/de\/wp-json\/wp\/v2\/pages"}],"about":[{"href":"https:\/\/www.ia4sp.org\/de\/wp-json\/wp\/v2\/types\/page"}],"author":[{"embeddable":true,"href":"https:\/\/www.ia4sp.org\/de\/wp-json\/wp\/v2\/users\/31"}],"replies":[{"embeddable":true,"href":"https:\/\/www.ia4sp.org\/de\/wp-json\/wp\/v2\/comments?post=663"}],"version-history":[{"count":10,"href":"https:\/\/www.ia4sp.org\/de\/wp-json\/wp\/v2\/pages\/663\/revisions"}],"predecessor-version":[{"id":1409,"href":"https:\/\/www.ia4sp.org\/de\/wp-json\/wp\/v2\/pages\/663\/revisions\/1409"}],"wp:attachment":[{"href":"https:\/\/www.ia4sp.org\/de\/wp-json\/wp\/v2\/media?parent=663"}],"curies":[{"name":"wp","href":"https:\/\/api.w.org\/{rel}","templated":true}]}}